{"id":1236,"date":"2022-05-10T15:29:33","date_gmt":"2022-05-10T14:29:33","guid":{"rendered":"https:\/\/beautyboudoirbournemouth.co.uk\/?page_id=1236"},"modified":"2022-05-10T15:45:57","modified_gmt":"2022-05-10T14:45:57","slug":"ph-formula","status":"publish","type":"page","link":"https:\/\/beautyboudoirbournemouth.co.uk\/pl\/ph-formula\/","title":{"rendered":"ph formula"},"content":{"rendered":"<div data-elementor-type=\"wp-page\" data-elementor-id=\"1236\" class=\"elementor elementor-1236\" data-elementor-post-type=\"page\">\n\t\t\t\t\t\t<section class=\"elementor-section elementor-top-section elementor-element elementor-element-3bb5b308 elementor-section-height-min-height elementor-section-content-middle elementor-section-boxed elementor-section-height-default elementor-section-items-middle\" data-id=\"3bb5b308\" data-element_type=\"section\" data-e-type=\"section\" data-settings=\"{&quot;background_background&quot;:&quot;classic&quot;}\">\n\t\t\t\t\t\t\t<div class=\"elementor-background-overlay\"><\/div>\n\t\t\t\t\t\t\t<div class=\"elementor-container elementor-column-gap-no\">\n\t\t\t\t\t<div class=\"elementor-column elementor-col-100 elementor-top-column elementor-element elementor-element-67e0ded8\" data-id=\"67e0ded8\" data-element_type=\"column\" data-e-type=\"column\">\n\t\t\t<div class=\"elementor-widget-wrap elementor-element-populated\">\n\t\t\t\t\t\t<div class=\"elementor-element elementor-element-2da42101 elementor-widget elementor-widget-heading\" data-id=\"2da42101\" data-element_type=\"widget\" data-e-type=\"widget\" data-widget_type=\"heading.default\">\n\t\t\t\t\t<h1 class=\"elementor-heading-title elementor-size-default\">PH FORMU\u0141A<\/h1>\t\t\t\t<\/div>\n\t\t\t\t\t<\/div>\n\t\t<\/div>\n\t\t\t\t\t<\/div>\n\t\t<\/section>\n\t\t\t\t<section class=\"elementor-section elementor-top-section elementor-element elementor-element-82d5e9b elementor-section-boxed elementor-section-height-default elementor-section-height-default\" data-id=\"82d5e9b\" data-element_type=\"section\" data-e-type=\"section\">\n\t\t\t\t\t\t<div class=\"elementor-container elementor-column-gap-default\">\n\t\t\t\t\t<div class=\"elementor-column elementor-col-50 elementor-top-column elementor-element elementor-element-406e1c76\" data-id=\"406e1c76\" data-element_type=\"column\" data-e-type=\"column\">\n\t\t\t<div class=\"elementor-widget-wrap elementor-element-populated\">\n\t\t\t\t\t\t<div class=\"elementor-element elementor-element-11cd90b1 elementor-widget elementor-widget-image\" data-id=\"11cd90b1\" data-element_type=\"widget\" data-e-type=\"widget\" data-widget_type=\"image.default\">\n\t\t\t\t\t\t\t\t\t\t\t\t\t\t\t<img fetchpriority=\"high\" decoding=\"async\" width=\"546\" height=\"683\" src=\"https:\/\/beautyboudoirbournemouth.co.uk\/wp-content\/uploads\/2022\/05\/WhatsApp-Image-2022-05-10-at-16.41.46.jpeg\" class=\"attachment-large size-large wp-image-1258\" alt=\"PH Formula Face treatment Bournemouth\" srcset=\"https:\/\/beautyboudoirbournemouth.co.uk\/wp-content\/uploads\/2022\/05\/WhatsApp-Image-2022-05-10-at-16.41.46.jpeg 546w, https:\/\/beautyboudoirbournemouth.co.uk\/wp-content\/uploads\/2022\/05\/WhatsApp-Image-2022-05-10-at-16.41.46-240x300.jpeg 240w, https:\/\/beautyboudoirbournemouth.co.uk\/wp-content\/uploads\/2022\/05\/WhatsApp-Image-2022-05-10-at-16.41.46-10x12.jpeg 10w\" sizes=\"(max-width: 546px) 100vw, 546px\" title=\"\">\t\t\t\t\t\t\t\t\t\t\t\t\t\t\t<\/div>\n\t\t\t\t\t<\/div>\n\t\t<\/div>\n\t\t\t\t<div class=\"elementor-column elementor-col-50 elementor-top-column elementor-element elementor-element-fecc673\" data-id=\"fecc673\" data-element_type=\"column\" data-e-type=\"column\">\n\t\t\t<div class=\"elementor-widget-wrap elementor-element-populated\">\n\t\t\t\t\t\t<div class=\"elementor-element elementor-element-2e0fa310 elementor-widget elementor-widget-heading\" data-id=\"2e0fa310\" data-element_type=\"widget\" data-e-type=\"widget\" data-widget_type=\"heading.default\">\n\t\t\t\t\t<h1 class=\"elementor-heading-title elementor-size-default\">KONCEPCJA ZABIEGU REGENERUJ\u0104CEGO SK\u00d3R\u0118<\/h1>\t\t\t\t<\/div>\n\t\t\t\t<div class=\"elementor-element elementor-element-53a9583 elementor-widget elementor-widget-text-editor\" data-id=\"53a9583\" data-element_type=\"widget\" data-e-type=\"widget\" data-widget_type=\"text-editor.default\">\n\t\t\t\t\t\t\t\t\t<p>pHformula to pierwsza linia zabieg\u00f3w farmaceutycznych, kt\u00f3ra jest wynikiem innowacyjnego zestwu kosmeceutyk\u00f3w i lek\u00f3w na recept\u0119.<\/p><p>System zabiegowy pHformula oparty jest na technologii medycyny regeneracyjnej z koncepcj\u0105 stworzenia kontrolowanego chemicznego od\u015bwie\u017cenia sk\u00f3ry. Dzia\u0142anie kontrolowanego chemicznego od\u015bwie\u017cenia sk\u00f3ry jest zupe\u0142nie inne ni\u017c konwencjonalne peelingi. Peelingi powoduj\u0105 g\u0142\u00f3wnie z\u0142uszczanie sk\u00f3ry, podczas gdy kontrolowana od\u015bwie\u017cenie aktywnie prowokuje przyspieszon\u0105 form\u0119 regeneracji kom\u00f3rek w r\u00f3\u017cnych warstwach sk\u00f3ry, przy jednoczesnym zmniejszeniu uraz\u00f3w i powierzchownych podra\u017cnie\u0144.<\/p><p>Opracowany jako dermatologiczny system od\u015bwie\u017cenia sk\u00f3ry, pHformula skutecznie leczy choroby sk\u00f3ry, takie jak starzenie si\u0119, przebarwienia, tr\u0105dzik i przewlek\u0142e zaczerwienienia. dzi\u0119ki ci\u0105g\u0142ym badaniom naukowym, zawsze koncentrujemy si\u0119 na opracowywaniu innowacyjnych zabieg\u00f3w od\u015bwie\u017cenia sk\u00f3ry.<\/p>\t\t\t\t\t\t\t\t<\/div>\n\t\t\t\t\t<\/div>\n\t\t<\/div>\n\t\t\t\t\t<\/div>\n\t\t<\/section>\n\t\t\t\t<\/div>","protected":false},"excerpt":{"rendered":"<p>PH FORMULA SKIN RESURFACING TREATMENT CONCEPT pHformula is the first pharma-ceutical treatment line which is the result of an innovative alliance between cosmeceutical and medical prescriptions. The pHformula treatment system is based on the technology of regenerative medicine with the concept of creating controlled chemical skin resurfacing. The action of controlled chemical skin resurfacing is [&hellip;]<\/p>\n","protected":false},"author":2,"featured_media":0,"parent":0,"menu_order":0,"comment_status":"closed","ping_status":"closed","template":"","meta":{"footnotes":""},"class_list":["post-1236","page","type-page","status-publish","hentry"],"_links":{"self":[{"href":"https:\/\/beautyboudoirbournemouth.co.uk\/pl\/wp-json\/wp\/v2\/pages\/1236","targetHints":{"allow":["GET"]}}],"collection":[{"href":"https:\/\/beautyboudoirbournemouth.co.uk\/pl\/wp-json\/wp\/v2\/pages"}],"about":[{"href":"https:\/\/beautyboudoirbournemouth.co.uk\/pl\/wp-json\/wp\/v2\/types\/page"}],"author":[{"embeddable":true,"href":"https:\/\/beautyboudoirbournemouth.co.uk\/pl\/wp-json\/wp\/v2\/users\/2"}],"replies":[{"embeddable":true,"href":"https:\/\/beautyboudoirbournemouth.co.uk\/pl\/wp-json\/wp\/v2\/comments?post=1236"}],"version-history":[{"count":0,"href":"https:\/\/beautyboudoirbournemouth.co.uk\/pl\/wp-json\/wp\/v2\/pages\/1236\/revisions"}],"wp:attachment":[{"href":"https:\/\/beautyboudoirbournemouth.co.uk\/pl\/wp-json\/wp\/v2\/media?parent=1236"}],"curies":[{"name":"wp","href":"https:\/\/api.w.org\/{rel}","templated":true}]}}