{"id":1530,"date":"2022-09-12T19:48:42","date_gmt":"2022-09-12T18:48:42","guid":{"rendered":"https:\/\/beautyboudoirbournemouth.co.uk\/?page_id=1530"},"modified":"2022-09-12T19:58:42","modified_gmt":"2022-09-12T18:58:42","slug":"neck-and-decollete-treatment","status":"publish","type":"page","link":"https:\/\/beautyboudoirbournemouth.co.uk\/pl\/neck-and-decollete-treatment\/","title":{"rendered":"NECK AND DECOLLETE TREATMENT"},"content":{"rendered":"<div data-elementor-type=\"wp-page\" data-elementor-id=\"1530\" class=\"elementor elementor-1530\" data-elementor-post-type=\"page\">\n\t\t\t\t\t\t<section class=\"elementor-section elementor-top-section elementor-element elementor-element-15bb0cf7 elementor-section-height-min-height elementor-section-content-middle elementor-section-boxed elementor-section-height-default elementor-section-items-middle\" data-id=\"15bb0cf7\" data-element_type=\"section\" data-e-type=\"section\" data-settings=\"{&quot;background_background&quot;:&quot;classic&quot;}\">\n\t\t\t\t\t\t\t<div class=\"elementor-background-overlay\"><\/div>\n\t\t\t\t\t\t\t<div class=\"elementor-container elementor-column-gap-no\">\n\t\t\t\t\t<div class=\"elementor-column elementor-col-100 elementor-top-column elementor-element elementor-element-25332ba7\" data-id=\"25332ba7\" data-element_type=\"column\" data-e-type=\"column\">\n\t\t\t<div class=\"elementor-widget-wrap elementor-element-populated\">\n\t\t\t\t\t\t<div class=\"elementor-element elementor-element-7314b211 elementor-widget elementor-widget-heading\" data-id=\"7314b211\" data-element_type=\"widget\" data-e-type=\"widget\" data-widget_type=\"heading.default\">\n\t\t\t\t\t<h1 class=\"elementor-heading-title elementor-size-default translation-block\"><b>NOWO\u015a\u0106!<\/b> ZABIEG NA SZYJ\u0118 I DEKOLT<\/h1>\t\t\t\t<\/div>\n\t\t\t\t\t<\/div>\n\t\t<\/div>\n\t\t\t\t\t<\/div>\n\t\t<\/section>\n\t\t\t\t<section class=\"elementor-section elementor-top-section elementor-element elementor-element-2afcfb51 elementor-section-boxed elementor-section-height-default elementor-section-height-default\" data-id=\"2afcfb51\" data-element_type=\"section\" data-e-type=\"section\">\n\t\t\t\t\t\t<div class=\"elementor-container elementor-column-gap-default\">\n\t\t\t\t\t<div class=\"elementor-column elementor-col-100 elementor-top-column elementor-element elementor-element-24c1c8b0\" data-id=\"24c1c8b0\" data-element_type=\"column\" data-e-type=\"column\">\n\t\t\t<div class=\"elementor-widget-wrap elementor-element-populated\">\n\t\t\t\t\t\t<div class=\"elementor-element elementor-element-4da6d47c elementor-widget elementor-widget-text-editor\" data-id=\"4da6d47c\" data-element_type=\"widget\" data-e-type=\"widget\" data-widget_type=\"text-editor.default\">\n\t\t\t\t\t\t\t\t\t<p>\ud83d\udce3 Nowy zabieg alertu ZABIEG NA SZYJ\u0118 I DEKOLT z produktami PhFormula! Ten preparat na bazie \u017celu jest przeznaczony do \u0142agodnego, ale skutecznego odnawiania sk\u00f3ry szyi i dekoltu. Formu\u0142a z aktywnym po\u0142\u0105czeniem kwasu salicylowego i migda\u0142owego wspomaga powierzchowne z\u0142uszczanie i odnow\u0119 kom\u00f3rkow\u0105, zmniejszaj\u0105c widoczno\u015b\u0107 przedwczesnego starzenia si\u0119 szyi i dekoltu, poprawiaj\u0105c og\u00f3ln\u0105 kondycj\u0119 sk\u00f3ry.<\/p>\t\t\t\t\t\t\t\t<\/div>\n\t\t\t\t\t<\/div>\n\t\t<\/div>\n\t\t\t\t\t<\/div>\n\t\t<\/section>\n\t\t\t\t<\/div>","protected":false},"excerpt":{"rendered":"<p>NEW! NECK AND DECOLLETE TREATMENT \ud83d\udce3 New treatment alert \ud83d\udce3 NECK AND DECOLLETE TREATMENT with PhFormula products! This gel-based formulation is designed for mild but effective skin resurfacing of the neck and decollete area. Formulated with an active combination of Salicylic and Mandelic acid it assists in superficial exfoliation and cell renewal, reducing the appearance [&hellip;]<\/p>\n","protected":false},"author":1,"featured_media":0,"parent":0,"menu_order":0,"comment_status":"closed","ping_status":"closed","template":"","meta":{"footnotes":""},"class_list":["post-1530","page","type-page","status-publish","hentry"],"_links":{"self":[{"href":"https:\/\/beautyboudoirbournemouth.co.uk\/pl\/wp-json\/wp\/v2\/pages\/1530","targetHints":{"allow":["GET"]}}],"collection":[{"href":"https:\/\/beautyboudoirbournemouth.co.uk\/pl\/wp-json\/wp\/v2\/pages"}],"about":[{"href":"https:\/\/beautyboudoirbournemouth.co.uk\/pl\/wp-json\/wp\/v2\/types\/page"}],"author":[{"embeddable":true,"href":"https:\/\/beautyboudoirbournemouth.co.uk\/pl\/wp-json\/wp\/v2\/users\/1"}],"replies":[{"embeddable":true,"href":"https:\/\/beautyboudoirbournemouth.co.uk\/pl\/wp-json\/wp\/v2\/comments?post=1530"}],"version-history":[{"count":0,"href":"https:\/\/beautyboudoirbournemouth.co.uk\/pl\/wp-json\/wp\/v2\/pages\/1530\/revisions"}],"wp:attachment":[{"href":"https:\/\/beautyboudoirbournemouth.co.uk\/pl\/wp-json\/wp\/v2\/media?parent=1530"}],"curies":[{"name":"wp","href":"https:\/\/api.w.org\/{rel}","templated":true}]}}