{"id":1667,"date":"2023-01-10T16:27:03","date_gmt":"2023-01-10T16:27:03","guid":{"rendered":"https:\/\/beautyboudoirbournemouth.co.uk\/?page_id=1667"},"modified":"2023-01-10T16:48:30","modified_gmt":"2023-01-10T16:48:30","slug":"ultrasonic-scrub","status":"publish","type":"page","link":"https:\/\/beautyboudoirbournemouth.co.uk\/pl\/ultrasonic-scrub\/","title":{"rendered":"Peeling ultrad\u017awi\u0119kowy"},"content":{"rendered":"<div data-elementor-type=\"wp-page\" data-elementor-id=\"1667\" class=\"elementor elementor-1667\" data-elementor-post-type=\"page\">\n\t\t\t\t\t\t<section class=\"elementor-section elementor-top-section elementor-element elementor-element-6b2845fe elementor-section-content-middle elementor-section-boxed elementor-section-height-default elementor-section-height-default\" data-id=\"6b2845fe\" data-element_type=\"section\" data-e-type=\"section\" data-settings=\"{&quot;shape_divider_top&quot;:&quot;tilt&quot;}\">\n\t\t\t\t\t<div class=\"elementor-shape elementor-shape-top\" aria-hidden=\"true\" data-negative=\"false\">\n\t\t\t<svg xmlns=\"http:\/\/www.w3.org\/2000\/svg\" viewbox=\"0 0 1000 100\" preserveaspectratio=\"none\">\n\t<path class=\"elementor-shape-fill\" d=\"M0,6V0h1000v100L0,6z\"\/>\n<\/svg>\t\t<\/div>\n\t\t\t\t\t<div class=\"elementor-container elementor-column-gap-no\">\n\t\t\t\t\t<div class=\"elementor-column elementor-col-50 elementor-top-column elementor-element elementor-element-8dc6aa9\" data-id=\"8dc6aa9\" data-element_type=\"column\" data-e-type=\"column\">\n\t\t\t<div class=\"elementor-widget-wrap elementor-element-populated\">\n\t\t\t\t\t\t<div class=\"elementor-element elementor-element-d4475db elementor-widget elementor-widget-image\" data-id=\"d4475db\" data-element_type=\"widget\" data-e-type=\"widget\" data-widget_type=\"image.default\">\n\t\t\t\t\t\t\t\t\t\t\t\t\t\t\t<img fetchpriority=\"high\" decoding=\"async\" width=\"800\" height=\"802\" src=\"https:\/\/beautyboudoirbournemouth.co.uk\/wp-content\/uploads\/2023\/01\/Ultrasonic-Scrub-treatment-in-Bournemouth-1021x1024.jpg\" class=\"attachment-large size-large wp-image-1673\" alt=\"Ultrasonic Scrub treatment in Bournemouth\" srcset=\"https:\/\/beautyboudoirbournemouth.co.uk\/wp-content\/uploads\/2023\/01\/Ultrasonic-Scrub-treatment-in-Bournemouth-1021x1024.jpg 1021w, https:\/\/beautyboudoirbournemouth.co.uk\/wp-content\/uploads\/2023\/01\/Ultrasonic-Scrub-treatment-in-Bournemouth-300x300.jpg 300w, https:\/\/beautyboudoirbournemouth.co.uk\/wp-content\/uploads\/2023\/01\/Ultrasonic-Scrub-treatment-in-Bournemouth-150x150.jpg 150w, https:\/\/beautyboudoirbournemouth.co.uk\/wp-content\/uploads\/2023\/01\/Ultrasonic-Scrub-treatment-in-Bournemouth-768x770.jpg 768w, https:\/\/beautyboudoirbournemouth.co.uk\/wp-content\/uploads\/2023\/01\/Ultrasonic-Scrub-treatment-in-Bournemouth-12x12.jpg 12w, https:\/\/beautyboudoirbournemouth.co.uk\/wp-content\/uploads\/2023\/01\/Ultrasonic-Scrub-treatment-in-Bournemouth.jpg 1080w\" sizes=\"(max-width: 800px) 100vw, 800px\" title=\"\">\t\t\t\t\t\t\t\t\t\t\t\t\t\t\t<\/div>\n\t\t\t\t\t<\/div>\n\t\t<\/div>\n\t\t\t\t<div class=\"elementor-column elementor-col-50 elementor-top-column elementor-element elementor-element-2db7764\" data-id=\"2db7764\" data-element_type=\"column\" data-e-type=\"column\">\n\t\t\t<div class=\"elementor-widget-wrap elementor-element-populated\">\n\t\t\t\t\t\t<div class=\"elementor-element elementor-element-927d905 elementor-widget elementor-widget-heading\" data-id=\"927d905\" data-element_type=\"widget\" data-e-type=\"widget\" data-widget_type=\"heading.default\">\n\t\t\t\t\t<h4 class=\"elementor-heading-title elementor-size-default\">Peeling ultrad\u017awi\u0119kowy<\/h4>\t\t\t\t<\/div>\n\t\t\t\t<div class=\"elementor-element elementor-element-6b40a5a elementor-widget elementor-widget-text-editor\" data-id=\"6b40a5a\" data-element_type=\"widget\" data-e-type=\"widget\" data-widget_type=\"text-editor.default\">\n\t\t\t\t\t\t\t\t\t<p>Fale ultrad\u017awi\u0119kowe s\u0105 aplikowane na wilgotn\u0105 sk\u00f3r\u0119, co powoduje jej oczyszczenie i z\u0142uszczanie. Woda rozpylana na sk\u00f3r\u0119 wytwarza mikroskopijne b\u0105belki wype\u0142nione gazem, kt\u00f3re pod wp\u0142ywem drga\u0144 ultrad\u017awi\u0119kowych nagle p\u0119kaj\u0105. W rezultacie powoduje to rozbicie martwych kom\u00f3rek i ods\u0142oni\u0119cie m\u0142odej warstwy sk\u00f3ry wolnej od nadmiaru bakterii, sebum czy substancji toksycznych. Zabiegi te s\u0105 odpowiednie dla ka\u017cdego rodzaju sk\u00f3ry, w tym dla sk\u00f3ry wra\u017cliwej lub z widocznymi naczynkami.<\/p>\t\t\t\t\t\t\t\t<\/div>\n\t\t\t\t\t<\/div>\n\t\t<\/div>\n\t\t\t\t\t<\/div>\n\t\t<\/section>\n\t\t\t\t<\/div>","protected":false},"excerpt":{"rendered":"<p>Ultrasonic Scrub Ultrasonic waves are applied to wet skin, resulting in cleansing and exfoliation. Water sprayed onto the skin produces microscopic bubbles filled with gas, which, under the influence of ultrasonic vibrations, suddenly burst. As a result, this breaks down dead cells and exposes a young skin layer free of excess bacteria, sebum, or toxic [&hellip;]<\/p>\n","protected":false},"author":1,"featured_media":0,"parent":0,"menu_order":0,"comment_status":"closed","ping_status":"closed","template":"","meta":{"footnotes":""},"class_list":["post-1667","page","type-page","status-publish","hentry"],"_links":{"self":[{"href":"https:\/\/beautyboudoirbournemouth.co.uk\/pl\/wp-json\/wp\/v2\/pages\/1667","targetHints":{"allow":["GET"]}}],"collection":[{"href":"https:\/\/beautyboudoirbournemouth.co.uk\/pl\/wp-json\/wp\/v2\/pages"}],"about":[{"href":"https:\/\/beautyboudoirbournemouth.co.uk\/pl\/wp-json\/wp\/v2\/types\/page"}],"author":[{"embeddable":true,"href":"https:\/\/beautyboudoirbournemouth.co.uk\/pl\/wp-json\/wp\/v2\/users\/1"}],"replies":[{"embeddable":true,"href":"https:\/\/beautyboudoirbournemouth.co.uk\/pl\/wp-json\/wp\/v2\/comments?post=1667"}],"version-history":[{"count":0,"href":"https:\/\/beautyboudoirbournemouth.co.uk\/pl\/wp-json\/wp\/v2\/pages\/1667\/revisions"}],"wp:attachment":[{"href":"https:\/\/beautyboudoirbournemouth.co.uk\/pl\/wp-json\/wp\/v2\/media?parent=1667"}],"curies":[{"name":"wp","href":"https:\/\/api.w.org\/{rel}","templated":true}]}}