{"id":1696,"date":"2023-01-10T16:53:31","date_gmt":"2023-01-10T16:53:31","guid":{"rendered":"https:\/\/beautyboudoirbournemouth.co.uk\/?page_id=1696"},"modified":"2023-01-10T16:58:45","modified_gmt":"2023-01-10T16:58:45","slug":"sonophoresis","status":"publish","type":"page","link":"https:\/\/beautyboudoirbournemouth.co.uk\/pl\/sonophoresis\/","title":{"rendered":"Sonoforeza"},"content":{"rendered":"<div data-elementor-type=\"wp-page\" data-elementor-id=\"1696\" class=\"elementor elementor-1696\" data-elementor-post-type=\"page\">\n\t\t\t\t\t\t<section class=\"elementor-section elementor-top-section elementor-element elementor-element-58688ac4 elementor-section-content-middle elementor-section-boxed elementor-section-height-default elementor-section-height-default\" data-id=\"58688ac4\" data-element_type=\"section\" data-e-type=\"section\" data-settings=\"{&quot;shape_divider_top&quot;:&quot;tilt&quot;}\">\n\t\t\t\t\t<div class=\"elementor-shape elementor-shape-top\" aria-hidden=\"true\" data-negative=\"false\">\n\t\t\t<svg xmlns=\"http:\/\/www.w3.org\/2000\/svg\" viewbox=\"0 0 1000 100\" preserveaspectratio=\"none\">\n\t<path class=\"elementor-shape-fill\" d=\"M0,6V0h1000v100L0,6z\"\/>\n<\/svg>\t\t<\/div>\n\t\t\t\t\t<div class=\"elementor-container elementor-column-gap-no\">\n\t\t\t\t\t<div class=\"elementor-column elementor-col-50 elementor-top-column elementor-element elementor-element-71c8efb7\" data-id=\"71c8efb7\" data-element_type=\"column\" data-e-type=\"column\">\n\t\t\t<div class=\"elementor-widget-wrap elementor-element-populated\">\n\t\t\t\t\t\t<div class=\"elementor-element elementor-element-32cc2140 elementor-widget elementor-widget-image\" data-id=\"32cc2140\" data-element_type=\"widget\" data-e-type=\"widget\" data-widget_type=\"image.default\">\n\t\t\t\t\t\t\t\t\t\t\t\t\t\t\t<img fetchpriority=\"high\" decoding=\"async\" width=\"800\" height=\"802\" src=\"https:\/\/beautyboudoirbournemouth.co.uk\/wp-content\/uploads\/2023\/01\/Sonoforeza-treatment-in-Bournemouth-1021x1024.jpg\" class=\"attachment-large size-large wp-image-1702\" alt=\"Sonoforeza treatment in Bournemouth\" srcset=\"https:\/\/beautyboudoirbournemouth.co.uk\/wp-content\/uploads\/2023\/01\/Sonoforeza-treatment-in-Bournemouth-1021x1024.jpg 1021w, https:\/\/beautyboudoirbournemouth.co.uk\/wp-content\/uploads\/2023\/01\/Sonoforeza-treatment-in-Bournemouth-300x300.jpg 300w, https:\/\/beautyboudoirbournemouth.co.uk\/wp-content\/uploads\/2023\/01\/Sonoforeza-treatment-in-Bournemouth-150x150.jpg 150w, https:\/\/beautyboudoirbournemouth.co.uk\/wp-content\/uploads\/2023\/01\/Sonoforeza-treatment-in-Bournemouth-768x770.jpg 768w, https:\/\/beautyboudoirbournemouth.co.uk\/wp-content\/uploads\/2023\/01\/Sonoforeza-treatment-in-Bournemouth-12x12.jpg 12w, https:\/\/beautyboudoirbournemouth.co.uk\/wp-content\/uploads\/2023\/01\/Sonoforeza-treatment-in-Bournemouth.jpg 1080w\" sizes=\"(max-width: 800px) 100vw, 800px\" title=\"\">\t\t\t\t\t\t\t\t\t\t\t\t\t\t\t<\/div>\n\t\t\t\t\t<\/div>\n\t\t<\/div>\n\t\t\t\t<div class=\"elementor-column elementor-col-50 elementor-top-column elementor-element elementor-element-7c6f8699\" data-id=\"7c6f8699\" data-element_type=\"column\" data-e-type=\"column\">\n\t\t\t<div class=\"elementor-widget-wrap elementor-element-populated\">\n\t\t\t\t\t\t<div class=\"elementor-element elementor-element-53e9a849 elementor-widget elementor-widget-heading\" data-id=\"53e9a849\" data-element_type=\"widget\" data-e-type=\"widget\" data-widget_type=\"heading.default\">\n\t\t\t\t\t<h4 class=\"elementor-heading-title elementor-size-default\">Sonoforeza<\/h4>\t\t\t\t<\/div>\n\t\t\t\t<div class=\"elementor-element elementor-element-4a6bb84f elementor-widget elementor-widget-text-editor\" data-id=\"4a6bb84f\" data-element_type=\"widget\" data-e-type=\"widget\" data-widget_type=\"text-editor.default\">\n\t\t\t\t\t\t\t\t\t<p>Masa\u017c ultrad\u017awi\u0119kowy, czyli sonoforeza, korzystnie wp\u0142ywa na metabolizm kom\u00f3rek sk\u00f3ry, pobudzaj\u0105c je do produkcji kolagenu i elastyny. To dzia\u0142anie ultrad\u017awi\u0119k\u00f3w si\u0119ga znacznie g\u0142\u0119biej ni\u017c tradycyjne kosmetyki piel\u0119gnacyjne. Sonoforeza to zabieg kosmetyczny z wykorzystaniem ultrad\u017awi\u0119k\u00f3w. Z tego powodu nazywany jest \u201emasa\u017cem ultrad\u017awi\u0119kowym\u201d lub \u201emikromasa\u017cem\u201d. Ultrad\u017awi\u0119ki (fale d\u017awi\u0119kowe o wysokiej cz\u0119stotliwo\u015bci) poprawiaj\u0105 przepuszczalno\u015b\u0107 b\u0142ony kom\u00f3rkowej. U\u0142atwiaj\u0105 w ten spos\u00f3b sk\u0142adniki od\u017cywcze zawarte w preparatach kosmetycznych przenikanie w g\u0142\u0119bokie warstwy sk\u00f3ry. Ultrad\u017awi\u0119ki maj\u0105 r\u00f3wnie\u017c pozytywny wp\u0142yw na przep\u0142yw limfy i metabolizm kom\u00f3rkowy.<\/p>\t\t\t\t\t\t\t\t<\/div>\n\t\t\t\t\t<\/div>\n\t\t<\/div>\n\t\t\t\t\t<\/div>\n\t\t<\/section>\n\t\t\t\t<\/div>","protected":false},"excerpt":{"rendered":"<p>Sonophoresis Ultrasonic massage, that is sonophoresis, has a positive effect on skin cell metabolism, stimulating them to produce collagen and elastin. It&#8217;s the ultrasound effect that go much deeper than that traditional care cosmetics. Sonophoresis is a cosmetic procedure using ultrasound. From this for this reason it is referred to as &#8220;ultrasonic massage&#8221; or &#8220;micro-massage&#8221;. [&hellip;]<\/p>\n","protected":false},"author":1,"featured_media":0,"parent":0,"menu_order":0,"comment_status":"closed","ping_status":"closed","template":"","meta":{"footnotes":""},"class_list":["post-1696","page","type-page","status-publish","hentry"],"_links":{"self":[{"href":"https:\/\/beautyboudoirbournemouth.co.uk\/pl\/wp-json\/wp\/v2\/pages\/1696","targetHints":{"allow":["GET"]}}],"collection":[{"href":"https:\/\/beautyboudoirbournemouth.co.uk\/pl\/wp-json\/wp\/v2\/pages"}],"about":[{"href":"https:\/\/beautyboudoirbournemouth.co.uk\/pl\/wp-json\/wp\/v2\/types\/page"}],"author":[{"embeddable":true,"href":"https:\/\/beautyboudoirbournemouth.co.uk\/pl\/wp-json\/wp\/v2\/users\/1"}],"replies":[{"embeddable":true,"href":"https:\/\/beautyboudoirbournemouth.co.uk\/pl\/wp-json\/wp\/v2\/comments?post=1696"}],"version-history":[{"count":0,"href":"https:\/\/beautyboudoirbournemouth.co.uk\/pl\/wp-json\/wp\/v2\/pages\/1696\/revisions"}],"wp:attachment":[{"href":"https:\/\/beautyboudoirbournemouth.co.uk\/pl\/wp-json\/wp\/v2\/media?parent=1696"}],"curies":[{"name":"wp","href":"https:\/\/api.w.org\/{rel}","templated":true}]}}