{"id":1706,"date":"2023-01-10T17:09:03","date_gmt":"2023-01-10T17:09:03","guid":{"rendered":"https:\/\/beautyboudoirbournemouth.co.uk\/?page_id=1706"},"modified":"2023-01-10T17:11:50","modified_gmt":"2023-01-10T17:11:50","slug":"ultrasound","status":"publish","type":"page","link":"https:\/\/beautyboudoirbournemouth.co.uk\/pl\/ultrasound\/","title":{"rendered":"Ultrad\u017awi\u0119k"},"content":{"rendered":"<div data-elementor-type=\"wp-page\" data-elementor-id=\"1706\" class=\"elementor elementor-1706\" data-elementor-post-type=\"page\">\n\t\t\t\t\t\t<section class=\"elementor-section elementor-top-section elementor-element elementor-element-3e9a3e87 elementor-section-content-middle elementor-section-boxed elementor-section-height-default elementor-section-height-default\" data-id=\"3e9a3e87\" data-element_type=\"section\" data-e-type=\"section\" data-settings=\"{&quot;shape_divider_top&quot;:&quot;tilt&quot;}\">\n\t\t\t\t\t<div class=\"elementor-shape elementor-shape-top\" aria-hidden=\"true\" data-negative=\"false\">\n\t\t\t<svg xmlns=\"http:\/\/www.w3.org\/2000\/svg\" viewbox=\"0 0 1000 100\" preserveaspectratio=\"none\">\n\t<path class=\"elementor-shape-fill\" d=\"M0,6V0h1000v100L0,6z\"\/>\n<\/svg>\t\t<\/div>\n\t\t\t\t\t<div class=\"elementor-container elementor-column-gap-no\">\n\t\t\t\t\t<div class=\"elementor-column elementor-col-50 elementor-top-column elementor-element elementor-element-a145fb6\" data-id=\"a145fb6\" data-element_type=\"column\" data-e-type=\"column\">\n\t\t\t<div class=\"elementor-widget-wrap elementor-element-populated\">\n\t\t\t\t\t\t<div class=\"elementor-element elementor-element-2920af8e elementor-widget elementor-widget-image\" data-id=\"2920af8e\" data-element_type=\"widget\" data-e-type=\"widget\" data-widget_type=\"image.default\">\n\t\t\t\t\t\t\t\t\t\t\t\t\t\t\t<img fetchpriority=\"high\" decoding=\"async\" width=\"800\" height=\"802\" src=\"https:\/\/beautyboudoirbournemouth.co.uk\/wp-content\/uploads\/2023\/01\/Ultrasound-treatment-in-Bournemouth-1021x1024.jpg\" class=\"attachment-large size-large wp-image-1714\" alt=\"Ultrasound treatment in Bournemouth\" srcset=\"https:\/\/beautyboudoirbournemouth.co.uk\/wp-content\/uploads\/2023\/01\/Ultrasound-treatment-in-Bournemouth-1021x1024.jpg 1021w, https:\/\/beautyboudoirbournemouth.co.uk\/wp-content\/uploads\/2023\/01\/Ultrasound-treatment-in-Bournemouth-300x300.jpg 300w, https:\/\/beautyboudoirbournemouth.co.uk\/wp-content\/uploads\/2023\/01\/Ultrasound-treatment-in-Bournemouth-150x150.jpg 150w, https:\/\/beautyboudoirbournemouth.co.uk\/wp-content\/uploads\/2023\/01\/Ultrasound-treatment-in-Bournemouth-768x770.jpg 768w, https:\/\/beautyboudoirbournemouth.co.uk\/wp-content\/uploads\/2023\/01\/Ultrasound-treatment-in-Bournemouth-12x12.jpg 12w, https:\/\/beautyboudoirbournemouth.co.uk\/wp-content\/uploads\/2023\/01\/Ultrasound-treatment-in-Bournemouth.jpg 1080w\" sizes=\"(max-width: 800px) 100vw, 800px\" title=\"\">\t\t\t\t\t\t\t\t\t\t\t\t\t\t\t<\/div>\n\t\t\t\t\t<\/div>\n\t\t<\/div>\n\t\t\t\t<div class=\"elementor-column elementor-col-50 elementor-top-column elementor-element elementor-element-21e7c8bd\" data-id=\"21e7c8bd\" data-element_type=\"column\" data-e-type=\"column\">\n\t\t\t<div class=\"elementor-widget-wrap elementor-element-populated\">\n\t\t\t\t\t\t<div class=\"elementor-element elementor-element-6b836f22 elementor-widget elementor-widget-heading\" data-id=\"6b836f22\" data-element_type=\"widget\" data-e-type=\"widget\" data-widget_type=\"heading.default\">\n\t\t\t\t\t<h4 class=\"elementor-heading-title elementor-size-default\">Ultrad\u017awi\u0119k<\/h4>\t\t\t\t<\/div>\n\t\t\t\t<div class=\"elementor-element elementor-element-32e01425 elementor-widget elementor-widget-text-editor\" data-id=\"32e01425\" data-element_type=\"widget\" data-e-type=\"widget\" data-widget_type=\"text-editor.default\">\n\t\t\t\t\t\t\t\t\t<p>Ultrad\u017awi\u0119ki to fale o niskiej cz\u0119stotliwo\u015bci, kt\u00f3re dostarczaj\u0105 okre\u015blone substancje aktywne do g\u0142\u0119bszych warstw nask\u00f3rka. Fale ultrad\u017awi\u0119kowe przenikaj\u0105 przez ochronn\u0105 warstw\u0119 nask\u00f3rka zbudowan\u0105 z kom\u00f3rek rogowych. Dzi\u0119ki temu efekty zabieg\u00f3w ultrad\u017awi\u0119kowych s\u0105 znacznie lepsze ni\u017c tradycyjnych masa\u017cy czy innych oddzia\u0142ywa\u0144 na sk\u00f3r\u0119. Ultrad\u017awi\u0119ki to g\u0142\u0119boki mikromasa\u017c sk\u00f3ry, dzi\u0119ki kt\u00f3remu aktywowane s\u0105 kom\u00f3rki odpowiedzialne za produkcj\u0119 kolagenu i elastyny.<\/p>\t\t\t\t\t\t\t\t<\/div>\n\t\t\t\t\t<\/div>\n\t\t<\/div>\n\t\t\t\t\t<\/div>\n\t\t<\/section>\n\t\t\t\t<\/div>","protected":false},"excerpt":{"rendered":"<p>Ultrasound Ultrasounds are low-frequency waves that deliver specific active substances to the deeper layers of the epidermis. Ultrasonic waves penetrate through the protective layer of the epidermis, which is made of horny cells. Thanks to this, the effects of ultrasonic treatments are much better than those of traditional massages or other effects on the skin. [&hellip;]<\/p>\n","protected":false},"author":1,"featured_media":0,"parent":0,"menu_order":0,"comment_status":"closed","ping_status":"closed","template":"","meta":{"footnotes":""},"class_list":["post-1706","page","type-page","status-publish","hentry"],"_links":{"self":[{"href":"https:\/\/beautyboudoirbournemouth.co.uk\/pl\/wp-json\/wp\/v2\/pages\/1706","targetHints":{"allow":["GET"]}}],"collection":[{"href":"https:\/\/beautyboudoirbournemouth.co.uk\/pl\/wp-json\/wp\/v2\/pages"}],"about":[{"href":"https:\/\/beautyboudoirbournemouth.co.uk\/pl\/wp-json\/wp\/v2\/types\/page"}],"author":[{"embeddable":true,"href":"https:\/\/beautyboudoirbournemouth.co.uk\/pl\/wp-json\/wp\/v2\/users\/1"}],"replies":[{"embeddable":true,"href":"https:\/\/beautyboudoirbournemouth.co.uk\/pl\/wp-json\/wp\/v2\/comments?post=1706"}],"version-history":[{"count":0,"href":"https:\/\/beautyboudoirbournemouth.co.uk\/pl\/wp-json\/wp\/v2\/pages\/1706\/revisions"}],"wp:attachment":[{"href":"https:\/\/beautyboudoirbournemouth.co.uk\/pl\/wp-json\/wp\/v2\/media?parent=1706"}],"curies":[{"name":"wp","href":"https:\/\/api.w.org\/{rel}","templated":true}]}}