{"id":1719,"date":"2023-01-10T17:19:51","date_gmt":"2023-01-10T17:19:51","guid":{"rendered":"https:\/\/beautyboudoirbournemouth.co.uk\/?page_id=1719"},"modified":"2023-02-20T14:59:54","modified_gmt":"2023-02-20T14:59:54","slug":"needle-free-mesotherapy","status":"publish","type":"page","link":"https:\/\/beautyboudoirbournemouth.co.uk\/pl\/needle-free-mesotherapy\/","title":{"rendered":"Mezoterapia bezig\u0142owa"},"content":{"rendered":"<div data-elementor-type=\"wp-page\" data-elementor-id=\"1719\" class=\"elementor elementor-1719\" data-elementor-post-type=\"page\">\n\t\t\t\t\t\t<section class=\"elementor-section elementor-top-section elementor-element elementor-element-6d1fa7a8 elementor-section-content-middle elementor-section-boxed elementor-section-height-default elementor-section-height-default\" data-id=\"6d1fa7a8\" data-element_type=\"section\" data-e-type=\"section\" data-settings=\"{&quot;shape_divider_top&quot;:&quot;tilt&quot;}\">\n\t\t\t\t\t<div class=\"elementor-shape elementor-shape-top\" aria-hidden=\"true\" data-negative=\"false\">\n\t\t\t<svg xmlns=\"http:\/\/www.w3.org\/2000\/svg\" viewbox=\"0 0 1000 100\" preserveaspectratio=\"none\">\n\t<path class=\"elementor-shape-fill\" d=\"M0,6V0h1000v100L0,6z\"\/>\n<\/svg>\t\t<\/div>\n\t\t\t\t\t<div class=\"elementor-container elementor-column-gap-no\">\n\t\t\t\t\t<div class=\"elementor-column elementor-col-50 elementor-top-column elementor-element elementor-element-33873677\" data-id=\"33873677\" data-element_type=\"column\" data-e-type=\"column\">\n\t\t\t<div class=\"elementor-widget-wrap elementor-element-populated\">\n\t\t\t\t\t\t\t<\/div>\n\t\t<\/div>\n\t\t\t\t<div class=\"elementor-column elementor-col-50 elementor-top-column elementor-element elementor-element-1f26e0cb\" data-id=\"1f26e0cb\" data-element_type=\"column\" data-e-type=\"column\">\n\t\t\t<div class=\"elementor-widget-wrap elementor-element-populated\">\n\t\t\t\t\t\t<div class=\"elementor-element elementor-element-2a8bca90 elementor-widget elementor-widget-heading\" data-id=\"2a8bca90\" data-element_type=\"widget\" data-e-type=\"widget\" data-widget_type=\"heading.default\">\n\t\t\t\t\t<h4 class=\"elementor-heading-title elementor-size-default\">Mezoterapia bezig\u0142owa<\/h4>\t\t\t\t<\/div>\n\t\t\t\t<div class=\"elementor-element elementor-element-3b816825 elementor-widget elementor-widget-text-editor\" data-id=\"3b816825\" data-element_type=\"widget\" data-e-type=\"widget\" data-widget_type=\"text-editor.default\">\n\t\t\t\t\t\t\t\t\t<p>Mezoterapia bezig\u0142owa to nieinwazyjny system odm\u0142adzania sk\u00f3ry. Jest to metoda dostarczania substancji aktywnych do g\u0142\u0119bokich warstw sk\u00f3ry w celu poprawy jej kondycji, odm\u0142odzenia, redukcji zmarszczek, cellulitu, rozst\u0119p\u00f3w, wiotko\u015bci i przebarwie\u0144. Mezoterapia bezig\u0142owa wykorzystuje zjawisko elektroporacji i elektroforezy. Elektroporacja polega na oddzia\u0142ywaniu kr\u00f3tkich impuls\u00f3w napi\u0119cia elektrycznego na kom\u00f3rki i tkanki, powoduj\u0105c zmiany prowadz\u0105ce do zwi\u0119kszenia przepuszczalno\u015bci sk\u00f3ry. Dociera do wn\u0119trza sk\u00f3ry, co sprawia, \u017ce terapia jest bardzo skuteczna. Elektroforeza jest zjawiskiem fizycznym, w kt\u00f3rym podczas transportu pr\u0105du sta\u0142ego przez sk\u00f3r\u0119 przenoszone s\u0105 substancje jonowe. Oba te zjawiska zachodz\u0105 jednocze\u015bnie, dzi\u0119ki czemu pozwala na znaczne zwi\u0119kszenie ilo\u015bci i g\u0142\u0119boko\u015bci penetracji aplikowanych substancji aktywnych.<\/p>\t\t\t\t\t\t\t\t<\/div>\n\t\t\t\t\t<\/div>\n\t\t<\/div>\n\t\t\t\t\t<\/div>\n\t\t<\/section>\n\t\t\t\t<\/div>","protected":false},"excerpt":{"rendered":"<p>Needle free mesotherapy Needle-free mesotherapy is a non-invasive skin rejuvenation system. It is a method of delivering active substances to the deep layers of the skin to improve its condition, rejuvenate, reduce wrinkles, cellulite, stretch marks, flabbiness and discoloration. Needle-free mesotherapy uses the phenomenon of electroporation and electrophoresis. Electroporation consists in the impact of short [&hellip;]<\/p>\n","protected":false},"author":1,"featured_media":0,"parent":0,"menu_order":0,"comment_status":"closed","ping_status":"closed","template":"","meta":{"footnotes":""},"class_list":["post-1719","page","type-page","status-publish","hentry"],"_links":{"self":[{"href":"https:\/\/beautyboudoirbournemouth.co.uk\/pl\/wp-json\/wp\/v2\/pages\/1719","targetHints":{"allow":["GET"]}}],"collection":[{"href":"https:\/\/beautyboudoirbournemouth.co.uk\/pl\/wp-json\/wp\/v2\/pages"}],"about":[{"href":"https:\/\/beautyboudoirbournemouth.co.uk\/pl\/wp-json\/wp\/v2\/types\/page"}],"author":[{"embeddable":true,"href":"https:\/\/beautyboudoirbournemouth.co.uk\/pl\/wp-json\/wp\/v2\/users\/1"}],"replies":[{"embeddable":true,"href":"https:\/\/beautyboudoirbournemouth.co.uk\/pl\/wp-json\/wp\/v2\/comments?post=1719"}],"version-history":[{"count":0,"href":"https:\/\/beautyboudoirbournemouth.co.uk\/pl\/wp-json\/wp\/v2\/pages\/1719\/revisions"}],"wp:attachment":[{"href":"https:\/\/beautyboudoirbournemouth.co.uk\/pl\/wp-json\/wp\/v2\/media?parent=1719"}],"curies":[{"name":"wp","href":"https:\/\/api.w.org\/{rel}","templated":true}]}}