{"id":1725,"date":"2023-01-10T17:23:46","date_gmt":"2023-01-10T17:23:46","guid":{"rendered":"https:\/\/beautyboudoirbournemouth.co.uk\/?page_id=1725"},"modified":"2023-02-20T14:57:21","modified_gmt":"2023-02-20T14:57:21","slug":"diamond-microdermabrasion","status":"publish","type":"page","link":"https:\/\/beautyboudoirbournemouth.co.uk\/pl\/diamond-microdermabrasion\/","title":{"rendered":"Mikrodermabrazja Diamentowa"},"content":{"rendered":"<div data-elementor-type=\"wp-page\" data-elementor-id=\"1725\" class=\"elementor elementor-1725\" data-elementor-post-type=\"page\">\n\t\t\t\t\t\t<section class=\"elementor-section elementor-top-section elementor-element elementor-element-1396f33d elementor-section-content-middle elementor-section-boxed elementor-section-height-default elementor-section-height-default\" data-id=\"1396f33d\" data-element_type=\"section\" data-e-type=\"section\" data-settings=\"{&quot;shape_divider_top&quot;:&quot;tilt&quot;}\">\n\t\t\t\t\t<div class=\"elementor-shape elementor-shape-top\" aria-hidden=\"true\" data-negative=\"false\">\n\t\t\t<svg xmlns=\"http:\/\/www.w3.org\/2000\/svg\" viewbox=\"0 0 1000 100\" preserveaspectratio=\"none\">\n\t<path class=\"elementor-shape-fill\" d=\"M0,6V0h1000v100L0,6z\"\/>\n<\/svg>\t\t<\/div>\n\t\t\t\t\t<div class=\"elementor-container elementor-column-gap-no\">\n\t\t\t\t\t<div class=\"elementor-column elementor-col-50 elementor-top-column elementor-element elementor-element-7a63001a\" data-id=\"7a63001a\" data-element_type=\"column\" data-e-type=\"column\">\n\t\t\t<div class=\"elementor-widget-wrap elementor-element-populated\">\n\t\t\t\t\t\t<div class=\"elementor-element elementor-element-6f207a33 elementor-widget elementor-widget-image\" data-id=\"6f207a33\" data-element_type=\"widget\" data-e-type=\"widget\" data-widget_type=\"image.default\">\n\t\t\t\t\t\t\t\t\t\t\t\t\t\t\t<img fetchpriority=\"high\" decoding=\"async\" width=\"800\" height=\"639\" src=\"https:\/\/beautyboudoirbournemouth.co.uk\/wp-content\/uploads\/2023\/02\/WhatsApp-Image-2023-02-16-at-22.20.52.jpeg\" class=\"attachment-large size-large wp-image-1926\" alt=\"\" srcset=\"https:\/\/beautyboudoirbournemouth.co.uk\/wp-content\/uploads\/2023\/02\/WhatsApp-Image-2023-02-16-at-22.20.52.jpeg 1024w, https:\/\/beautyboudoirbournemouth.co.uk\/wp-content\/uploads\/2023\/02\/WhatsApp-Image-2023-02-16-at-22.20.52-300x240.jpeg 300w, https:\/\/beautyboudoirbournemouth.co.uk\/wp-content\/uploads\/2023\/02\/WhatsApp-Image-2023-02-16-at-22.20.52-768x614.jpeg 768w, https:\/\/beautyboudoirbournemouth.co.uk\/wp-content\/uploads\/2023\/02\/WhatsApp-Image-2023-02-16-at-22.20.52-15x12.jpeg 15w\" sizes=\"(max-width: 800px) 100vw, 800px\" title=\"\">\t\t\t\t\t\t\t\t\t\t\t\t\t\t\t<\/div>\n\t\t\t\t\t<\/div>\n\t\t<\/div>\n\t\t\t\t<div class=\"elementor-column elementor-col-50 elementor-top-column elementor-element elementor-element-6740e50f\" data-id=\"6740e50f\" data-element_type=\"column\" data-e-type=\"column\">\n\t\t\t<div class=\"elementor-widget-wrap elementor-element-populated\">\n\t\t\t\t\t\t<div class=\"elementor-element elementor-element-68700dff elementor-widget elementor-widget-heading\" data-id=\"68700dff\" data-element_type=\"widget\" data-e-type=\"widget\" data-widget_type=\"heading.default\">\n\t\t\t\t\t<h4 class=\"elementor-heading-title elementor-size-default\">Mikrodermabrazja Diamentowa<\/h4>\t\t\t\t<\/div>\n\t\t\t\t<div class=\"elementor-element elementor-element-538697c5 elementor-widget elementor-widget-text-editor\" data-id=\"538697c5\" data-element_type=\"widget\" data-e-type=\"widget\" data-widget_type=\"text-editor.default\">\n\t\t\t\t\t\t\t\t\t<p>Mikrodermabrazja diamentowa to nowoczesna metoda zabiegowa, kt\u00f3ra nale\u017cy do grupy tzw. mechanicznego z\u0142uszczania nask\u00f3rka. Za pomoc\u0105 ma\u0142ej g\u0142owicy urz\u0105dzenia wyposa\u017conej w diamentowe nak\u0142adki \u015bcierane s\u0105 martwe kom\u00f3rki nask\u00f3rka, dzi\u0119ki czemu sk\u00f3ra nabiera zdrowego, promiennego wygl\u0105du. Mikrodermabrazja diamentowa polega na mechanicznym z\u0142uszczaniu warstwy rogowej nask\u00f3rka za pomoc\u0105 niewielkiej g\u0142owicy urz\u0105dzenia wyposa\u017conej w diamentow\u0105 ko\u0144c\u00f3wk\u0119. Po uprzednim dok\u0142adnym oczyszczeniu sk\u00f3ry kosmetolog wykonuje zabieg mikrodermabrazji. Warto zaznaczy\u0107, \u017ce podczas z\u0142uszczania nask\u00f3rka g\u0142owica urz\u0105dzenia nasyca go, dzi\u0119ki czemu zabieg zaliczany jest do bardzo \u201eczystych\u201d.<\/p>\t\t\t\t\t\t\t\t<\/div>\n\t\t\t\t\t<\/div>\n\t\t<\/div>\n\t\t\t\t\t<\/div>\n\t\t<\/section>\n\t\t\t\t<\/div>","protected":false},"excerpt":{"rendered":"<p>Diamond Microdermabrasion Diamond microdermabrasion is a modern treatment method, which belongs to the group of so-called mechanical exfoliation of the epidermis. With the help of a small head of the device equipped with diamond overlays, dead skin cells are rubbed off, thanks to which the skin gains a healthy, radiant appearance. Diamond microdermabrasion consists in [&hellip;]<\/p>\n","protected":false},"author":1,"featured_media":0,"parent":0,"menu_order":0,"comment_status":"closed","ping_status":"closed","template":"","meta":{"footnotes":""},"class_list":["post-1725","page","type-page","status-publish","hentry"],"_links":{"self":[{"href":"https:\/\/beautyboudoirbournemouth.co.uk\/pl\/wp-json\/wp\/v2\/pages\/1725","targetHints":{"allow":["GET"]}}],"collection":[{"href":"https:\/\/beautyboudoirbournemouth.co.uk\/pl\/wp-json\/wp\/v2\/pages"}],"about":[{"href":"https:\/\/beautyboudoirbournemouth.co.uk\/pl\/wp-json\/wp\/v2\/types\/page"}],"author":[{"embeddable":true,"href":"https:\/\/beautyboudoirbournemouth.co.uk\/pl\/wp-json\/wp\/v2\/users\/1"}],"replies":[{"embeddable":true,"href":"https:\/\/beautyboudoirbournemouth.co.uk\/pl\/wp-json\/wp\/v2\/comments?post=1725"}],"version-history":[{"count":0,"href":"https:\/\/beautyboudoirbournemouth.co.uk\/pl\/wp-json\/wp\/v2\/pages\/1725\/revisions"}],"wp:attachment":[{"href":"https:\/\/beautyboudoirbournemouth.co.uk\/pl\/wp-json\/wp\/v2\/media?parent=1725"}],"curies":[{"name":"wp","href":"https:\/\/api.w.org\/{rel}","templated":true}]}}