{"id":1735,"date":"2023-01-10T17:45:09","date_gmt":"2023-01-10T17:45:09","guid":{"rendered":"https:\/\/beautyboudoirbournemouth.co.uk\/?page_id=1735"},"modified":"2023-02-18T19:04:34","modified_gmt":"2023-02-18T19:04:34","slug":"rf-radio-frequency","status":"publish","type":"page","link":"https:\/\/beautyboudoirbournemouth.co.uk\/pl\/rf-radio-frequency\/","title":{"rendered":"Fale radiowe RF"},"content":{"rendered":"<div data-elementor-type=\"wp-page\" data-elementor-id=\"1735\" class=\"elementor elementor-1735\" data-elementor-post-type=\"page\">\n\t\t\t\t\t\t<section class=\"elementor-section elementor-top-section elementor-element elementor-element-626e2ad elementor-section-content-middle elementor-section-boxed elementor-section-height-default elementor-section-height-default\" data-id=\"626e2ad\" data-element_type=\"section\" data-e-type=\"section\" data-settings=\"{&quot;shape_divider_top&quot;:&quot;tilt&quot;}\">\n\t\t\t\t\t<div class=\"elementor-shape elementor-shape-top\" aria-hidden=\"true\" data-negative=\"false\">\n\t\t\t<svg xmlns=\"http:\/\/www.w3.org\/2000\/svg\" viewbox=\"0 0 1000 100\" preserveaspectratio=\"none\">\n\t<path class=\"elementor-shape-fill\" d=\"M0,6V0h1000v100L0,6z\"\/>\n<\/svg>\t\t<\/div>\n\t\t\t\t\t<div class=\"elementor-container elementor-column-gap-no\">\n\t\t\t\t\t<div class=\"elementor-column elementor-col-50 elementor-top-column elementor-element elementor-element-520f8a49\" data-id=\"520f8a49\" data-element_type=\"column\" data-e-type=\"column\">\n\t\t\t<div class=\"elementor-widget-wrap elementor-element-populated\">\n\t\t\t\t\t\t<div class=\"elementor-element elementor-element-53d5f5dc elementor-widget elementor-widget-image\" data-id=\"53d5f5dc\" data-element_type=\"widget\" data-e-type=\"widget\" data-widget_type=\"image.default\">\n\t\t\t\t\t\t\t\t\t\t\t\t\t\t\t<img fetchpriority=\"high\" decoding=\"async\" width=\"800\" height=\"605\" src=\"https:\/\/beautyboudoirbournemouth.co.uk\/wp-content\/uploads\/2023\/02\/WhatsApp-Image-2023-02-16-at-22.22.30.jpeg\" class=\"attachment-large size-large wp-image-1930\" alt=\"\" srcset=\"https:\/\/beautyboudoirbournemouth.co.uk\/wp-content\/uploads\/2023\/02\/WhatsApp-Image-2023-02-16-at-22.22.30.jpeg 1024w, https:\/\/beautyboudoirbournemouth.co.uk\/wp-content\/uploads\/2023\/02\/WhatsApp-Image-2023-02-16-at-22.22.30-300x227.jpeg 300w, https:\/\/beautyboudoirbournemouth.co.uk\/wp-content\/uploads\/2023\/02\/WhatsApp-Image-2023-02-16-at-22.22.30-768x581.jpeg 768w, https:\/\/beautyboudoirbournemouth.co.uk\/wp-content\/uploads\/2023\/02\/WhatsApp-Image-2023-02-16-at-22.22.30-16x12.jpeg 16w\" sizes=\"(max-width: 800px) 100vw, 800px\" title=\"\">\t\t\t\t\t\t\t\t\t\t\t\t\t\t\t<\/div>\n\t\t\t\t\t<\/div>\n\t\t<\/div>\n\t\t\t\t<div class=\"elementor-column elementor-col-50 elementor-top-column elementor-element elementor-element-3caaee67\" data-id=\"3caaee67\" data-element_type=\"column\" data-e-type=\"column\">\n\t\t\t<div class=\"elementor-widget-wrap elementor-element-populated\">\n\t\t\t\t\t\t<div class=\"elementor-element elementor-element-2ba63144 elementor-widget elementor-widget-heading\" data-id=\"2ba63144\" data-element_type=\"widget\" data-e-type=\"widget\" data-widget_type=\"heading.default\">\n\t\t\t\t\t<h4 class=\"elementor-heading-title elementor-size-default\">Fale radiowe RF<\/h4>\t\t\t\t<\/div>\n\t\t\t\t<div class=\"elementor-element elementor-element-1fcf102a elementor-widget elementor-widget-text-editor\" data-id=\"1fcf102a\" data-element_type=\"widget\" data-e-type=\"widget\" data-widget_type=\"text-editor.default\">\n\t\t\t\t\t\t\t\t\t<p>Fale radiowe na twarz to nieinwazyjny zabieg wykorzystuj\u0105cy energi\u0119 ciepln\u0105 do wywo\u0142ania kontrolowanego uszkodzenia sk\u00f3ry, co z kolei pobudza produkcj\u0119 kolagenu i elastyny \u2014 dw\u00f3ch kluczowych bia\u0142ek odpowiedzialnych za j\u0119drno\u015b\u0107, napi\u0119cie i g\u0142adko\u015b\u0107 sk\u00f3ry.<\/p>\t\t\t\t\t\t\t\t<\/div>\n\t\t\t\t\t<\/div>\n\t\t<\/div>\n\t\t\t\t\t<\/div>\n\t\t<\/section>\n\t\t\t\t<\/div>","protected":false},"excerpt":{"rendered":"<p>RF radio frequency A radiofrequency facial is a non-invasive treatment that uses heat energy to create a controlled injury to your skin, which, in turn, prompts collagen and elastin production\u2014the two key proteins responsible for skin firmness, tightness, and smoothness.<\/p>","protected":false},"author":1,"featured_media":0,"parent":0,"menu_order":0,"comment_status":"closed","ping_status":"closed","template":"","meta":{"footnotes":""},"class_list":["post-1735","page","type-page","status-publish","hentry"],"_links":{"self":[{"href":"https:\/\/beautyboudoirbournemouth.co.uk\/pl\/wp-json\/wp\/v2\/pages\/1735","targetHints":{"allow":["GET"]}}],"collection":[{"href":"https:\/\/beautyboudoirbournemouth.co.uk\/pl\/wp-json\/wp\/v2\/pages"}],"about":[{"href":"https:\/\/beautyboudoirbournemouth.co.uk\/pl\/wp-json\/wp\/v2\/types\/page"}],"author":[{"embeddable":true,"href":"https:\/\/beautyboudoirbournemouth.co.uk\/pl\/wp-json\/wp\/v2\/users\/1"}],"replies":[{"embeddable":true,"href":"https:\/\/beautyboudoirbournemouth.co.uk\/pl\/wp-json\/wp\/v2\/comments?post=1735"}],"version-history":[{"count":0,"href":"https:\/\/beautyboudoirbournemouth.co.uk\/pl\/wp-json\/wp\/v2\/pages\/1735\/revisions"}],"wp:attachment":[{"href":"https:\/\/beautyboudoirbournemouth.co.uk\/pl\/wp-json\/wp\/v2\/media?parent=1735"}],"curies":[{"name":"wp","href":"https:\/\/api.w.org\/{rel}","templated":true}]}}