{"id":1750,"date":"2023-01-10T18:29:25","date_gmt":"2023-01-10T18:29:25","guid":{"rendered":"https:\/\/beautyboudoirbournemouth.co.uk\/?page_id=1750"},"modified":"2023-01-10T18:59:48","modified_gmt":"2023-01-10T18:59:48","slug":"oxybrasion","status":"publish","type":"page","link":"https:\/\/beautyboudoirbournemouth.co.uk\/pl\/oxybrasion\/","title":{"rendered":"Oksybrazja"},"content":{"rendered":"<div data-elementor-type=\"wp-page\" data-elementor-id=\"1750\" class=\"elementor elementor-1750\" data-elementor-post-type=\"page\">\n\t\t\t\t\t\t<section class=\"elementor-section elementor-top-section elementor-element elementor-element-5498278c elementor-section-content-middle elementor-section-boxed elementor-section-height-default elementor-section-height-default\" data-id=\"5498278c\" data-element_type=\"section\" data-e-type=\"section\" data-settings=\"{&quot;shape_divider_top&quot;:&quot;tilt&quot;}\">\n\t\t\t\t\t<div class=\"elementor-shape elementor-shape-top\" aria-hidden=\"true\" data-negative=\"false\">\n\t\t\t<svg xmlns=\"http:\/\/www.w3.org\/2000\/svg\" viewbox=\"0 0 1000 100\" preserveaspectratio=\"none\">\n\t<path class=\"elementor-shape-fill\" d=\"M0,6V0h1000v100L0,6z\"\/>\n<\/svg>\t\t<\/div>\n\t\t\t\t\t<div class=\"elementor-container elementor-column-gap-no\">\n\t\t\t\t\t<div class=\"elementor-column elementor-col-50 elementor-top-column elementor-element elementor-element-4f5f5f34\" data-id=\"4f5f5f34\" data-element_type=\"column\" data-e-type=\"column\">\n\t\t\t<div class=\"elementor-widget-wrap elementor-element-populated\">\n\t\t\t\t\t\t\t<\/div>\n\t\t<\/div>\n\t\t\t\t<div class=\"elementor-column elementor-col-50 elementor-top-column elementor-element elementor-element-ae35c8b\" data-id=\"ae35c8b\" data-element_type=\"column\" data-e-type=\"column\">\n\t\t\t<div class=\"elementor-widget-wrap elementor-element-populated\">\n\t\t\t\t\t\t<div class=\"elementor-element elementor-element-27e43fe2 elementor-widget elementor-widget-heading\" data-id=\"27e43fe2\" data-element_type=\"widget\" data-e-type=\"widget\" data-widget_type=\"heading.default\">\n\t\t\t\t\t<h4 class=\"elementor-heading-title elementor-size-default\">Oksybrazja<\/h4>\t\t\t\t<\/div>\n\t\t\t\t<div class=\"elementor-element elementor-element-44c64692 elementor-widget elementor-widget-text-editor\" data-id=\"44c64692\" data-element_type=\"widget\" data-e-type=\"widget\" data-widget_type=\"text-editor.default\">\n\t\t\t\t\t\t\t\t\t<p>Oxybrazja to delikatny zabieg, peeling tlenowo-wodny polegaj\u0105cy na intensywnym i bezbolesnym oczyszczeniu martwych warstw nask\u00f3rka, nawil\u017ceniu i dotlenieniu sk\u00f3ry. Metoda jest bezkontaktowa, mo\u017cna j\u0105 wykona\u0107 na ka\u017cdej sk\u00f3rze, nawet najbardziej wra\u017cliwej. Peeling zwany oxybrazj\u0105 przynosi klientom rewelacyjne efekty. Ju\u017c po pierwszym zabiegu sk\u00f3ra jest wyra\u017anie g\u0142adsza i roz\u015bwietlona. Zabieg ten jest odpowiedni dla m\u0142odej sk\u00f3ry borykaj\u0105cej si\u0119 z tr\u0105dzikiem i innymi niedoskona\u0142o\u015bciami. Jego dzia\u0142anie skutkuje usuwaniem zask\u00f3rnik\u00f3w, blizn potr\u0105dzikowych, minimalizacj\u0105 produkcji sebum, a tak\u017ce zw\u0119\u017ceniem por\u00f3w. Dzi\u0119ki tlenowi wprowadzonemu w sk\u00f3r\u0119 podczas oxybrazji gin\u0105 bakterie wywo\u0142uj\u0105ce tr\u0105dzik.<\/p>\t\t\t\t\t\t\t\t<\/div>\n\t\t\t\t\t<\/div>\n\t\t<\/div>\n\t\t\t\t\t<\/div>\n\t\t<\/section>\n\t\t\t\t<\/div>","protected":false},"excerpt":{"rendered":"<p>Oxybrasion Oxybrasion is a delicate treatment, oxy-water peeling involving intensive and painless cleansing dead layers of the epidermis, moisturizing and oxygenating the skin. The method is non-contact, it can be performed on any skin, even the most sensitive. Peeling called oxybrasion brings great results to clients. Already after the first treatment session, the skin is [&hellip;]<\/p>\n","protected":false},"author":1,"featured_media":0,"parent":0,"menu_order":0,"comment_status":"closed","ping_status":"closed","template":"","meta":{"footnotes":""},"class_list":["post-1750","page","type-page","status-publish","hentry"],"_links":{"self":[{"href":"https:\/\/beautyboudoirbournemouth.co.uk\/pl\/wp-json\/wp\/v2\/pages\/1750","targetHints":{"allow":["GET"]}}],"collection":[{"href":"https:\/\/beautyboudoirbournemouth.co.uk\/pl\/wp-json\/wp\/v2\/pages"}],"about":[{"href":"https:\/\/beautyboudoirbournemouth.co.uk\/pl\/wp-json\/wp\/v2\/types\/page"}],"author":[{"embeddable":true,"href":"https:\/\/beautyboudoirbournemouth.co.uk\/pl\/wp-json\/wp\/v2\/users\/1"}],"replies":[{"embeddable":true,"href":"https:\/\/beautyboudoirbournemouth.co.uk\/pl\/wp-json\/wp\/v2\/comments?post=1750"}],"version-history":[{"count":0,"href":"https:\/\/beautyboudoirbournemouth.co.uk\/pl\/wp-json\/wp\/v2\/pages\/1750\/revisions"}],"wp:attachment":[{"href":"https:\/\/beautyboudoirbournemouth.co.uk\/pl\/wp-json\/wp\/v2\/media?parent=1750"}],"curies":[{"name":"wp","href":"https:\/\/api.w.org\/{rel}","templated":true}]}}