{"id":243,"date":"2021-05-16T19:20:37","date_gmt":"2021-05-16T18:20:37","guid":{"rendered":"https:\/\/beautyboudoirbournemouth.co.uk\/?page_id=243"},"modified":"2022-10-26T10:10:40","modified_gmt":"2022-10-26T09:10:40","slug":"kobido-lifting-massages","status":"publish","type":"page","link":"https:\/\/beautyboudoirbournemouth.co.uk\/pl\/kobido-lifting-massages\/","title":{"rendered":"KOBIDO lifting twarzy"},"content":{"rendered":"<div data-elementor-type=\"wp-page\" data-elementor-id=\"243\" class=\"elementor elementor-243\" data-elementor-post-type=\"page\">\n\t\t\t\t\t\t<section class=\"elementor-section elementor-top-section elementor-element elementor-element-3fe3b78f elementor-section-height-min-height elementor-section-content-middle elementor-section-boxed elementor-section-height-default elementor-section-items-middle\" data-id=\"3fe3b78f\" data-element_type=\"section\" data-e-type=\"section\" data-settings=\"{&quot;background_background&quot;:&quot;classic&quot;}\">\n\t\t\t\t\t\t\t<div class=\"elementor-background-overlay\"><\/div>\n\t\t\t\t\t\t\t<div class=\"elementor-container elementor-column-gap-no\">\n\t\t\t\t\t<div class=\"elementor-column elementor-col-100 elementor-top-column elementor-element elementor-element-1fdd0e22\" data-id=\"1fdd0e22\" data-element_type=\"column\" data-e-type=\"column\">\n\t\t\t<div class=\"elementor-widget-wrap elementor-element-populated\">\n\t\t\t\t\t\t<div class=\"elementor-element elementor-element-3d52a46e elementor-widget elementor-widget-heading\" data-id=\"3d52a46e\" data-element_type=\"widget\" data-e-type=\"widget\" data-widget_type=\"heading.default\">\n\t\t\t\t\t<h1 class=\"elementor-heading-title elementor-size-default\"><b>KOBIDO UP<\/b> NON SURGUCAL FACE LIFTING WITH IMMEDIATE RESULTS<\/h1>\t\t\t\t<\/div>\n\t\t\t\t\t<\/div>\n\t\t<\/div>\n\t\t\t\t\t<\/div>\n\t\t<\/section>\n\t\t\t\t<section class=\"elementor-section elementor-top-section elementor-element elementor-element-1080d39 elementor-section-boxed elementor-section-height-default elementor-section-height-default\" data-id=\"1080d39\" data-element_type=\"section\" data-e-type=\"section\">\n\t\t\t\t\t\t<div class=\"elementor-container elementor-column-gap-default\">\n\t\t\t\t\t<div class=\"elementor-column elementor-col-50 elementor-top-column elementor-element elementor-element-bb70e4c\" data-id=\"bb70e4c\" data-element_type=\"column\" data-e-type=\"column\">\n\t\t\t<div class=\"elementor-widget-wrap elementor-element-populated\">\n\t\t\t\t\t\t<div class=\"elementor-element elementor-element-2897a08 elementor-widget elementor-widget-video\" data-id=\"2897a08\" data-element_type=\"widget\" data-e-type=\"widget\" data-settings=\"{&quot;youtube_url&quot;:&quot;https:\\\/\\\/youtu.be\\\/wv2ALFX-08Q&quot;,&quot;video_type&quot;:&quot;youtube&quot;,&quot;controls&quot;:&quot;yes&quot;}\" data-widget_type=\"video.default\">\n\t\t\t\t\t\t\t<div class=\"elementor-wrapper elementor-open-inline\">\n\t\t\t<div class=\"elementor-video\"><\/div>\t\t<\/div>\n\t\t\t\t\t\t<\/div>\n\t\t\t\t\t<\/div>\n\t\t<\/div>\n\t\t\t\t<div class=\"elementor-column elementor-col-50 elementor-top-column elementor-element elementor-element-536455f\" data-id=\"536455f\" data-element_type=\"column\" data-e-type=\"column\">\n\t\t\t<div class=\"elementor-widget-wrap elementor-element-populated\">\n\t\t\t\t\t\t<div class=\"elementor-element elementor-element-e8b535a elementor-widget elementor-widget-text-editor\" data-id=\"e8b535a\" data-element_type=\"widget\" data-e-type=\"widget\" data-widget_type=\"text-editor.default\">\n\t\t\t\t\t\t\t\t\t<p><strong>Kobido up <\/strong>is a <strong>Japanese facial massage<\/strong> that is an excellent alternative to aesthetic medicine treatments.<\/p><p>Kobido up is one of the most difficult massage techniques in Japan, if not in the world. It contains the largest number and the most complex combinations of manual techniques, which in the end result in spectacular effects.<\/p><p><strong>Kobido up\u00a0 is a collection of techniques:<\/strong><\/p><ul><li>g\u0142\u0119boki masa\u017c tkanek,<\/li><li>drena\u017c limfatyczny,<\/li><li>elementy masa\u017cu relaksacyjnego redukuj\u0105ce napi\u0119cie mi\u0119\u015bniowe,<\/li><li>lifting<\/li><li>akupresura.<\/li><\/ul><p><strong>Kobido up<\/strong> is an hour-long massage session that allows you to get an additional effect of regeneration and regain strength, where by working on acupressure points we restore the harmony of the whole body.<\/p><p><strong>Kobido up<\/strong>, by expanding the sequence of movements, will allow you to choose massage techniques individually in terms of changes visible on the tissues.<\/p>\t\t\t\t\t\t\t\t<\/div>\n\t\t\t\t\t<\/div>\n\t\t<\/div>\n\t\t\t\t\t<\/div>\n\t\t<\/section>\n\t\t\t\t<section class=\"elementor-section elementor-top-section elementor-element elementor-element-46615818 elementor-section-full_width elementor-section-height-default elementor-section-height-default\" data-id=\"46615818\" data-element_type=\"section\" data-e-type=\"section\" data-settings=\"{&quot;background_background&quot;:&quot;classic&quot;}\">\n\t\t\t\t\t\t<div class=\"elementor-container elementor-column-gap-no\">\n\t\t\t\t\t<div class=\"elementor-column elementor-col-25 elementor-top-column elementor-element elementor-element-61303a8c\" data-id=\"61303a8c\" data-element_type=\"column\" data-e-type=\"column\">\n\t\t\t<div class=\"elementor-widget-wrap elementor-element-populated\">\n\t\t\t\t\t\t<div class=\"elementor-element elementor-element-3bf7094 elementor-widget elementor-widget-text-editor\" data-id=\"3bf7094\" data-element_type=\"widget\" data-e-type=\"widget\" data-widget_type=\"text-editor.default\">\n\t\t\t\t\t\t\t\t\t<p class=\"translation-block\">krok <b>pierwszy<\/b>\n to przygotowanie obszaru twarzy do pracy.\nJest to faza, w kt\u00f3rej wykonuje si\u0119 czyszczenie i drena\u017c, aby prawid\u0142owo przygotowa\u0107  sk\u00f3r\u0119 do masa\u017cu.<\/p>\t\t\t\t\t\t\t\t<\/div>\n\t\t\t\t<div class=\"elementor-element elementor-element-21158b9 animated-fast elementor-absolute elementor-invisible elementor-widget elementor-widget-text-editor\" data-id=\"21158b9\" data-element_type=\"widget\" data-e-type=\"widget\" data-settings=\"{&quot;_animation&quot;:&quot;fadeInUp&quot;,&quot;_position&quot;:&quot;absolute&quot;}\" data-widget_type=\"text-editor.default\">\n\t\t\t\t\t\t\t\t\t<p>1.<\/p>\t\t\t\t\t\t\t\t<\/div>\n\t\t\t\t\t<\/div>\n\t\t<\/div>\n\t\t\t\t<div class=\"elementor-column elementor-col-25 elementor-top-column elementor-element elementor-element-318733f8\" data-id=\"318733f8\" data-element_type=\"column\" data-e-type=\"column\">\n\t\t\t<div class=\"elementor-widget-wrap elementor-element-populated\">\n\t\t\t\t\t\t<div class=\"elementor-element elementor-element-6f53c4d6 animated-fast elementor-absolute elementor-invisible elementor-widget elementor-widget-text-editor\" data-id=\"6f53c4d6\" data-element_type=\"widget\" data-e-type=\"widget\" data-settings=\"{&quot;_animation&quot;:&quot;fadeInUp&quot;,&quot;_position&quot;:&quot;absolute&quot;}\" data-widget_type=\"text-editor.default\">\n\t\t\t\t\t\t\t\t\t<p>2.<\/p>\t\t\t\t\t\t\t\t<\/div>\n\t\t\t\t<div class=\"elementor-element elementor-element-1061e50c elementor-widget elementor-widget-text-editor\" data-id=\"1061e50c\" data-element_type=\"widget\" data-e-type=\"widget\" data-widget_type=\"text-editor.default\">\n\t\t\t\t\t\t\t\t\t<p class=\"translation-block\">W<b> drugiej fazie<\/b> stosuje si\u0119 produkty naturalne, takie jak oleje winogronowe lub inny rodzaj produktu niekosmetycznego, kt\u00f3ry ma na celu utrzymanie nawil\u017cenia twarzy. Jak wspomniano powy\u017cej, jest to do\u015b\u0107 wa\u017cne, aby u\u0142atwi\u0107 te ruchy tarcia na twarzy, a tym samym unikn\u0105\u0107 obra\u017ce\u0144; ta faza s\u0142u\u017cy do uj\u0119drnienia twarzy i nadania jej blasku.<\/p>\t\t\t\t\t\t\t\t<\/div>\n\t\t\t\t\t<\/div>\n\t\t<\/div>\n\t\t\t\t<div class=\"elementor-column elementor-col-25 elementor-top-column elementor-element elementor-element-6a946351\" data-id=\"6a946351\" data-element_type=\"column\" data-e-type=\"column\">\n\t\t\t<div class=\"elementor-widget-wrap elementor-element-populated\">\n\t\t\t\t\t\t<div class=\"elementor-element elementor-element-4bac0b65 animated-fast elementor-absolute elementor-invisible elementor-widget elementor-widget-text-editor\" data-id=\"4bac0b65\" data-element_type=\"widget\" data-e-type=\"widget\" data-settings=\"{&quot;_animation&quot;:&quot;fadeInUp&quot;,&quot;_position&quot;:&quot;absolute&quot;}\" data-widget_type=\"text-editor.default\">\n\t\t\t\t\t\t\t\t\t<p>3.<\/p>\t\t\t\t\t\t\t\t<\/div>\n\t\t\t\t<div class=\"elementor-element elementor-element-638d417c elementor-widget elementor-widget-text-editor\" data-id=\"638d417c\" data-element_type=\"widget\" data-e-type=\"widget\" data-widget_type=\"text-editor.default\">\n\t\t\t\t\t\t\t\t\t<p class=\"translation-block\">To w\u0142a\u015bnie na <b>tym etapie<\/b> wykonuje si\u0119 s\u0142ynny japo\u0144ski lifting, poniewa\u017c w tym momencie zwi\u0119ksza si\u0119 pr\u0119dko\u015b\u0107 ruch\u00f3w r\u0105k. Wa\u017cne jest, aby pami\u0119ta\u0107, \u017ce nawet je\u015bli tempo jest zwi\u0119kszone, osoba (lub my sami) nigdy nie powinni odczuwa\u0107 dyskomfortu ani b\u00f3lu, kt\u00f3ry uniemo\u017cliwia\u0142by jej rozlu\u017anienie. Je\u015bli tak si\u0119 stanie, to znaczy, \u017ce co\u015b jest nie tak, bo ten masa\u017c, mimo swojej szybko\u015bci, musi jeszcze zachowa\u0107 swoj\u0105 czu\u0142o\u015b\u0107, delikatno\u015b\u0107 i mi\u0119kko\u015b\u0107.<\/p>\t\t\t\t\t\t\t\t<\/div>\n\t\t\t\t\t<\/div>\n\t\t<\/div>\n\t\t\t\t<div class=\"elementor-column elementor-col-25 elementor-top-column elementor-element elementor-element-6678c733\" data-id=\"6678c733\" data-element_type=\"column\" data-e-type=\"column\">\n\t\t\t<div class=\"elementor-widget-wrap elementor-element-populated\">\n\t\t\t\t\t\t<div class=\"elementor-element elementor-element-733bb99a animated-fast elementor-absolute elementor-invisible elementor-widget elementor-widget-text-editor\" data-id=\"733bb99a\" data-element_type=\"widget\" data-e-type=\"widget\" data-settings=\"{&quot;_animation&quot;:&quot;fadeInUp&quot;,&quot;_position&quot;:&quot;absolute&quot;}\" data-widget_type=\"text-editor.default\">\n\t\t\t\t\t\t\t\t\t<p>4.<\/p>\t\t\t\t\t\t\t\t<\/div>\n\t\t\t\t<div class=\"elementor-element elementor-element-270fac75 elementor-widget elementor-widget-text-editor\" data-id=\"270fac75\" data-element_type=\"widget\" data-e-type=\"widget\" data-widget_type=\"text-editor.default\">\n\t\t\t\t\t\t\t\t\t<p class=\"translation-block\">Jest to <b>ostatnia faza<\/b> masa\u017cu Kobido, tutaj staramy si\u0119 uciska\u0107 palcami r\u00f3\u017cne punkty b\u00f3lu lub punkty akupunktury, kt\u00f3re s\u0142u\u017c\u0105 uwolnieniu stresu i zapewnieniu r\u00f3wnowagi energetycznej, kt\u00f3ra jest tak dobrze znana  kulturze wschodniej. W tej cz\u0119\u015bci masa\u017cu masa\u017cysta stara si\u0119 skupi\u0107 na niekt\u00f3rych punktach, w kt\u00f3rych pacjenci mog\u0105 odczuwa\u0107 b\u00f3l lub dyskomfort, aby z\u0142agodzi\u0107 ten dyskomfort.<\/p>\t\t\t\t\t\t\t\t<\/div>\n\t\t\t\t\t<\/div>\n\t\t<\/div>\n\t\t\t\t\t<\/div>\n\t\t<\/section>\n\t\t\t\t<section class=\"elementor-section elementor-top-section elementor-element elementor-element-45ad6c8 elementor-section-boxed elementor-section-height-default elementor-section-height-default\" data-id=\"45ad6c8\" data-element_type=\"section\" data-e-type=\"section\">\n\t\t\t\t\t\t<div class=\"elementor-container elementor-column-gap-default\">\n\t\t\t\t\t<div class=\"elementor-column elementor-col-50 elementor-top-column elementor-element elementor-element-d914307\" data-id=\"d914307\" data-element_type=\"column\" data-e-type=\"column\">\n\t\t\t<div class=\"elementor-widget-wrap elementor-element-populated\">\n\t\t\t\t\t\t<div class=\"elementor-element elementor-element-b75ce08 elementor-widget elementor-widget-image\" data-id=\"b75ce08\" data-element_type=\"widget\" data-e-type=\"widget\" data-widget_type=\"image.default\">\n\t\t\t\t\t\t\t\t\t\t\t\t\t\t\t<img fetchpriority=\"high\" decoding=\"async\" width=\"800\" height=\"1000\" src=\"https:\/\/beautyboudoirbournemouth.co.uk\/wp-content\/uploads\/2021\/06\/128912813_202106974700326_7428685308146478634_n-819x1024.jpg\" class=\"attachment-large size-large wp-image-652\" alt=\"\" srcset=\"https:\/\/beautyboudoirbournemouth.co.uk\/wp-content\/uploads\/2021\/06\/128912813_202106974700326_7428685308146478634_n-819x1024.jpg 819w, https:\/\/beautyboudoirbournemouth.co.uk\/wp-content\/uploads\/2021\/06\/128912813_202106974700326_7428685308146478634_n-240x300.jpg 240w, https:\/\/beautyboudoirbournemouth.co.uk\/wp-content\/uploads\/2021\/06\/128912813_202106974700326_7428685308146478634_n-768x960.jpg 768w, https:\/\/beautyboudoirbournemouth.co.uk\/wp-content\/uploads\/2021\/06\/128912813_202106974700326_7428685308146478634_n-10x12.jpg 10w, https:\/\/beautyboudoirbournemouth.co.uk\/wp-content\/uploads\/2021\/06\/128912813_202106974700326_7428685308146478634_n.jpg 1080w\" sizes=\"(max-width: 800px) 100vw, 800px\" title=\"\">\t\t\t\t\t\t\t\t\t\t\t\t\t\t\t<\/div>\n\t\t\t\t\t<\/div>\n\t\t<\/div>\n\t\t\t\t<div class=\"elementor-column elementor-col-50 elementor-top-column elementor-element elementor-element-52726f9\" data-id=\"52726f9\" data-element_type=\"column\" data-e-type=\"column\">\n\t\t\t<div class=\"elementor-widget-wrap elementor-element-populated\">\n\t\t\t\t\t\t<div class=\"elementor-element elementor-element-5c5ce17 elementor-widget elementor-widget-heading\" data-id=\"5c5ce17\" data-element_type=\"widget\" data-e-type=\"widget\" data-widget_type=\"heading.default\">\n\t\t\t\t\t<h1 class=\"elementor-heading-title elementor-size-default\">Korzy\u015bci<\/h1>\t\t\t\t<\/div>\n\t\t\t\t<div class=\"elementor-element elementor-element-bd279dd elementor-widget elementor-widget-text-editor\" data-id=\"bd279dd\" data-element_type=\"widget\" data-e-type=\"widget\" data-widget_type=\"text-editor.default\">\n\t\t\t\t\t\t\t\t\t<p>Healthy skin is the reflection of the equilibrium and balance of our body and mind; Kobido up in the eternal search of maintaining and restoring this equilibrium has a positive impact in your health, well-being and&nbsp;emotional intelligence, increasing longevity and preventing the appearance and recurrence of illness.<\/p>\n<ul>\n<li>Poprawia napi\u0119cie sk\u00f3ry.<\/li>\n<li>Pobudza kr\u0105\u017cenie krwi i redukuje toksyny w naszym organizmie.<\/li>\n<li>Stymuluje produkcj\u0119 kolagenu, poprawiaj\u0105c elastyczno\u015b\u0107 i przyspieszaj\u0105c odbudow\u0119 kom\u00f3rkow\u0105.<\/li>\n<li>Redukuje drobne zmarszczki<\/li>\n<li>Daje uczucie relaksu, kt\u00f3re ostatecznie pomaga uwolni\u0107 si\u0119 od stresu i lepiej spa\u0107.<\/li>\n<li>Zwalcza b\u00f3le g\u0142owy.<\/li>\n<\/ul>\n<p>Kobido Up Massage, as a form of facial exercises for your skin should be as important as the food you eat and the practice of regular exercise if you want to keep a healthy and young appearance.<\/p>\t\t\t\t\t\t\t\t<\/div>\n\t\t\t\t\t<\/div>\n\t\t<\/div>\n\t\t\t\t\t<\/div>\n\t\t<\/section>\n\t\t\t\t<\/div>","protected":false},"excerpt":{"rendered":"<p>KOBIDO UP NON SURGUCAL FACE LIFTING WITH IMMEDIATE RESULTS https:\/\/youtu.be\/wv2ALFX-08Q Kobido up is a Japanese facial massage that is an excellent alternative to aesthetic medicine treatments. Kobido up is one of the most difficult massage techniques in Japan, if not in the world. It contains the largest number and the most complex combinations of manual [&hellip;]<\/p>\n","protected":false},"author":2,"featured_media":0,"parent":0,"menu_order":0,"comment_status":"closed","ping_status":"closed","template":"","meta":{"footnotes":""},"class_list":["post-243","page","type-page","status-publish","hentry"],"_links":{"self":[{"href":"https:\/\/beautyboudoirbournemouth.co.uk\/pl\/wp-json\/wp\/v2\/pages\/243","targetHints":{"allow":["GET"]}}],"collection":[{"href":"https:\/\/beautyboudoirbournemouth.co.uk\/pl\/wp-json\/wp\/v2\/pages"}],"about":[{"href":"https:\/\/beautyboudoirbournemouth.co.uk\/pl\/wp-json\/wp\/v2\/types\/page"}],"author":[{"embeddable":true,"href":"https:\/\/beautyboudoirbournemouth.co.uk\/pl\/wp-json\/wp\/v2\/users\/2"}],"replies":[{"embeddable":true,"href":"https:\/\/beautyboudoirbournemouth.co.uk\/pl\/wp-json\/wp\/v2\/comments?post=243"}],"version-history":[{"count":0,"href":"https:\/\/beautyboudoirbournemouth.co.uk\/pl\/wp-json\/wp\/v2\/pages\/243\/revisions"}],"wp:attachment":[{"href":"https:\/\/beautyboudoirbournemouth.co.uk\/pl\/wp-json\/wp\/v2\/media?parent=243"}],"curies":[{"name":"wp","href":"https:\/\/api.w.org\/{rel}","templated":true}]}}