{"id":259,"date":"2021-05-16T19:23:51","date_gmt":"2021-05-16T18:23:51","guid":{"rendered":"https:\/\/beautyboudoirbournemouth.co.uk\/?page_id=259"},"modified":"2022-05-24T19:28:44","modified_gmt":"2022-05-24T18:28:44","slug":"kassaji-face-massage","status":"publish","type":"page","link":"https:\/\/beautyboudoirbournemouth.co.uk\/pl\/kassaji-face-massage\/","title":{"rendered":"KASSAJI masa\u017c twarzy"},"content":{"rendered":"<div data-elementor-type=\"wp-page\" data-elementor-id=\"259\" class=\"elementor elementor-259\" data-elementor-post-type=\"page\">\n\t\t\t\t\t\t<section class=\"elementor-section elementor-top-section elementor-element elementor-element-b86251a elementor-section-boxed elementor-section-height-default elementor-section-height-default\" data-id=\"b86251a\" data-element_type=\"section\" data-e-type=\"section\">\n\t\t\t\t\t\t<div class=\"elementor-container elementor-column-gap-default\">\n\t\t\t\t\t<div class=\"elementor-column elementor-col-50 elementor-top-column elementor-element elementor-element-60dbd11\" data-id=\"60dbd11\" data-element_type=\"column\" data-e-type=\"column\">\n\t\t\t<div class=\"elementor-widget-wrap elementor-element-populated\">\n\t\t\t\t\t\t<div class=\"elementor-element elementor-element-c99b015 elementor-widget elementor-widget-image\" data-id=\"c99b015\" data-element_type=\"widget\" data-e-type=\"widget\" data-widget_type=\"image.default\">\n\t\t\t\t\t\t\t\t\t\t\t\t\t\t\t<img fetchpriority=\"high\" decoding=\"async\" width=\"683\" height=\"1024\" src=\"https:\/\/beautyboudoirbournemouth.co.uk\/wp-content\/uploads\/2022\/05\/DAW4298-683x1024.jpg\" class=\"attachment-large size-large wp-image-1366\" alt=\"\" srcset=\"https:\/\/beautyboudoirbournemouth.co.uk\/wp-content\/uploads\/2022\/05\/DAW4298-683x1024.jpg 683w, https:\/\/beautyboudoirbournemouth.co.uk\/wp-content\/uploads\/2022\/05\/DAW4298-200x300.jpg 200w, https:\/\/beautyboudoirbournemouth.co.uk\/wp-content\/uploads\/2022\/05\/DAW4298-768x1152.jpg 768w, https:\/\/beautyboudoirbournemouth.co.uk\/wp-content\/uploads\/2022\/05\/DAW4298-1024x1536.jpg 1024w, https:\/\/beautyboudoirbournemouth.co.uk\/wp-content\/uploads\/2022\/05\/DAW4298-1365x2048.jpg 1365w, https:\/\/beautyboudoirbournemouth.co.uk\/wp-content\/uploads\/2022\/05\/DAW4298-8x12.jpg 8w, https:\/\/beautyboudoirbournemouth.co.uk\/wp-content\/uploads\/2022\/05\/DAW4298.jpg 1500w\" sizes=\"(max-width: 683px) 100vw, 683px\" title=\"\">\t\t\t\t\t\t\t\t\t\t\t\t\t\t\t<\/div>\n\t\t\t\t\t<\/div>\n\t\t<\/div>\n\t\t\t\t<div class=\"elementor-column elementor-col-50 elementor-top-column elementor-element elementor-element-b1029ad\" data-id=\"b1029ad\" data-element_type=\"column\" data-e-type=\"column\">\n\t\t\t<div class=\"elementor-widget-wrap elementor-element-populated\">\n\t\t\t\t\t\t<div class=\"elementor-element elementor-element-1efe505a elementor-widget elementor-widget-heading\" data-id=\"1efe505a\" data-element_type=\"widget\" data-e-type=\"widget\" data-widget_type=\"heading.default\">\n\t\t\t\t\t<h1 class=\"elementor-heading-title elementor-size-default\"><b>KASSAJI <\/b>face massage\n<\/h1>\t\t\t\t<\/div>\n\t\t\t\t<div class=\"elementor-element elementor-element-7552c3e3 elementor-widget elementor-widget-text-editor\" data-id=\"7552c3e3\" data-element_type=\"widget\" data-e-type=\"widget\" data-widget_type=\"text-editor.default\">\n\t\t\t\t\t\t\t\t\t<p><strong>Jedna z najstarszych technik masa\u017cu na \u015bwiecie, wspania\u0142y drena\u017c limfatyczny i g\u0142\u0119boki relaks<\/strong><\/p><p class=\"translation-block\">Masa\u017c Kassaji \u2013 to rodzaj drena\u017cu limfatycznego twarzy, wykonywany specjalnym kamieniem pod\u0142u\u017cnym (Kassa). Kamie\u0144 ma pochodzenie wulkaniczne. Doskonale dzia\u0142a na uk\u0142ad limfatyczny, zapewnia d\u0142ugotrwa\u0142e efekty.\nMasa\u017c ten rozlu\u017ania mi\u0119\u015bnie, dzia\u0142a koj\u0105co na uk\u0142ad nerwowy, ale przede wszystkim doskonale drenuje.\nKassaji to zabieg regeneruj\u0105cy i relaksuj\u0105cy. Doskona\u0142a alternatywa dla os\u00f3b ze sk\u00f3r\u0105, tr\u0105dzikiem i nadwra\u017cliwo\u015bci\u0105 naczyniow\u0105, u kt\u00f3rych nie mo\u017cna zastosowa\u0107 mocnych technik.\nRytua\u0142 trwa 60 minut, w tym czasie dzia\u0142aj\u0105c na punkty akupresury przywraca harmoni\u0119 ca\u0142ego cia\u0142a.<\/p>\t\t\t\t\t\t\t\t<\/div>\n\t\t\t\t<div class=\"elementor-element elementor-element-92e0f48 elementor-widget elementor-widget-heading\" data-id=\"92e0f48\" data-element_type=\"widget\" data-e-type=\"widget\" data-widget_type=\"heading.default\">\n\t\t\t\t\t<h2 class=\"elementor-heading-title elementor-size-default\">Korzy\u015bci<\/h2>\t\t\t\t<\/div>\n\t\t\t\t<div class=\"elementor-element elementor-element-4c685d6 elementor-widget elementor-widget-text-editor\" data-id=\"4c685d6\" data-element_type=\"widget\" data-e-type=\"widget\" data-widget_type=\"text-editor.default\">\n\t\t\t\t\t\t\t\t\t<ul><li>\u015awietny drena\u017c limfatyczny<\/li><li>Skuteczny lifting<\/li><li>Stymuluje prac\u0119 narz\u0105d\u00f3w wewn\u0119trznych<\/li><li>Poprawia dro\u017cno\u015b\u0107 zatok, a tym samym jako\u015b\u0107 oddechu<\/li><li>Poprawia owal twarzy<\/li><li>\u015awietny jako zabieg przedimprezowy<\/li><li>Zapewnia g\u0142\u0119boki relaks<\/li><\/ul>\t\t\t\t\t\t\t\t<\/div>\n\t\t\t\t\t<\/div>\n\t\t<\/div>\n\t\t\t\t\t<\/div>\n\t\t<\/section>\n\t\t\t\t<\/div>","protected":false},"excerpt":{"rendered":"<p>KASSAJI face massage One of the world\u2019s oldest massage techniques, wonderful lymphatic drainage and deep relaxation Kassaji massage \u2013 is a type of lymphatic drainage of the face, performed with a special longitudinal stone (Kassa). The stone is of volcanic origin. It works perfectly on the lymphatic system, provides long-lasting effects.This massage relaxes the muscles, [&hellip;]<\/p>\n","protected":false},"author":2,"featured_media":0,"parent":0,"menu_order":0,"comment_status":"closed","ping_status":"closed","template":"","meta":{"footnotes":""},"class_list":["post-259","page","type-page","status-publish","hentry"],"_links":{"self":[{"href":"https:\/\/beautyboudoirbournemouth.co.uk\/pl\/wp-json\/wp\/v2\/pages\/259","targetHints":{"allow":["GET"]}}],"collection":[{"href":"https:\/\/beautyboudoirbournemouth.co.uk\/pl\/wp-json\/wp\/v2\/pages"}],"about":[{"href":"https:\/\/beautyboudoirbournemouth.co.uk\/pl\/wp-json\/wp\/v2\/types\/page"}],"author":[{"embeddable":true,"href":"https:\/\/beautyboudoirbournemouth.co.uk\/pl\/wp-json\/wp\/v2\/users\/2"}],"replies":[{"embeddable":true,"href":"https:\/\/beautyboudoirbournemouth.co.uk\/pl\/wp-json\/wp\/v2\/comments?post=259"}],"version-history":[{"count":0,"href":"https:\/\/beautyboudoirbournemouth.co.uk\/pl\/wp-json\/wp\/v2\/pages\/259\/revisions"}],"wp:attachment":[{"href":"https:\/\/beautyboudoirbournemouth.co.uk\/pl\/wp-json\/wp\/v2\/media?parent=259"}],"curies":[{"name":"wp","href":"https:\/\/api.w.org\/{rel}","templated":true}]}}