{"id":501,"date":"2021-05-31T15:04:40","date_gmt":"2021-05-31T14:04:40","guid":{"rendered":"https:\/\/beautyboudoirbournemouth.co.uk\/?page_id=501"},"modified":"2023-02-18T19:05:41","modified_gmt":"2023-02-18T19:05:41","slug":"facial-cupping","status":"publish","type":"page","link":"https:\/\/beautyboudoirbournemouth.co.uk\/pl\/facial-cupping\/","title":{"rendered":"Masa\u017c twarzy ba\u0144k\u0105 chi\u0144sk\u0105"},"content":{"rendered":"<div data-elementor-type=\"wp-page\" data-elementor-id=\"501\" class=\"elementor elementor-501\" data-elementor-post-type=\"page\">\n\t\t\t\t\t\t<section class=\"elementor-section elementor-top-section elementor-element elementor-element-6beb6ad elementor-section-boxed elementor-section-height-default elementor-section-height-default\" data-id=\"6beb6ad\" data-element_type=\"section\" data-e-type=\"section\">\n\t\t\t\t\t\t<div class=\"elementor-container elementor-column-gap-default\">\n\t\t\t\t\t<div class=\"elementor-column elementor-col-50 elementor-top-column elementor-element elementor-element-a430ea2\" data-id=\"a430ea2\" data-element_type=\"column\" data-e-type=\"column\">\n\t\t\t<div class=\"elementor-widget-wrap elementor-element-populated\">\n\t\t\t\t\t\t<div class=\"elementor-element elementor-element-0604f26 elementor-widget elementor-widget-image\" data-id=\"0604f26\" data-element_type=\"widget\" data-e-type=\"widget\" data-widget_type=\"image.default\">\n\t\t\t\t\t\t\t\t\t\t\t\t\t\t\t<img fetchpriority=\"high\" decoding=\"async\" width=\"800\" height=\"393\" src=\"https:\/\/beautyboudoirbournemouth.co.uk\/wp-content\/uploads\/2023\/02\/WhatsApp-Image-2023-02-16-at-22.28.03.jpeg\" class=\"attachment-large size-large wp-image-1934\" alt=\"\" srcset=\"https:\/\/beautyboudoirbournemouth.co.uk\/wp-content\/uploads\/2023\/02\/WhatsApp-Image-2023-02-16-at-22.28.03.jpeg 1024w, https:\/\/beautyboudoirbournemouth.co.uk\/wp-content\/uploads\/2023\/02\/WhatsApp-Image-2023-02-16-at-22.28.03-300x147.jpeg 300w, https:\/\/beautyboudoirbournemouth.co.uk\/wp-content\/uploads\/2023\/02\/WhatsApp-Image-2023-02-16-at-22.28.03-768x377.jpeg 768w, https:\/\/beautyboudoirbournemouth.co.uk\/wp-content\/uploads\/2023\/02\/WhatsApp-Image-2023-02-16-at-22.28.03-18x9.jpeg 18w\" sizes=\"(max-width: 800px) 100vw, 800px\" title=\"\">\t\t\t\t\t\t\t\t\t\t\t\t\t\t\t<\/div>\n\t\t\t\t<div class=\"elementor-element elementor-element-65c374d elementor-widget elementor-widget-heading\" data-id=\"65c374d\" data-element_type=\"widget\" data-e-type=\"widget\" data-widget_type=\"heading.default\">\n\t\t\t\t\t<h2 class=\"elementor-heading-title elementor-size-default\">Korzy\u015bci<\/h2>\t\t\t\t<\/div>\n\t\t\t\t<div class=\"elementor-element elementor-element-53dfab5 elementor-widget elementor-widget-text-editor\" data-id=\"53dfab5\" data-element_type=\"widget\" data-e-type=\"widget\" data-widget_type=\"text-editor.default\">\n\t\t\t\t\t\t\t\t\t<p>*Pobudzaj\u0105 kom\u00f3rki fibroblast\u00f3w odpowiedzialne za produkcj\u0119 kolagenu i elastyczno\u015bci \n<p>*Widocznie redukuj\u0105 drobne linie i zmarszczki \n<p>*Powoduj\u0105 lepsze wch\u0142anianie produktu i dostarczanie sk\u0142adnik\u00f3w od\u017cywczych do sk\u00f3ry \n<p>*Zabieg powoduje tonowanie linii  podbr\u00f3dka, linii \u017cuchwy, szyji dekoltu\n<p>*Zmniejsza blizny, nadmiar sebum i rozmiar por\u00f3w\n<p>*Zwi\u0119kszone kr\u0105\u017cenie krwi bogatej w tlen, wzmacnia sk\u00f3r\u0119 i tkank\u0119 \u0142\u0105czn\u0105 \n<p>* Zwi\u0119kszona g\u0142\u0119boko\u015b\u0107 i skuteczno\u015b\u0107 uzycia produkt\u00f3w do piel\u0119gnacji sk\u00f3ry\t\t\t\t\t\t\t\t<\/div>\n\t\t\t\t\t<\/div>\n\t\t<\/div>\n\t\t\t\t<div class=\"elementor-column elementor-col-50 elementor-top-column elementor-element elementor-element-5c35132\" data-id=\"5c35132\" data-element_type=\"column\" data-e-type=\"column\">\n\t\t\t<div class=\"elementor-widget-wrap elementor-element-populated\">\n\t\t\t\t\t\t<div class=\"elementor-element elementor-element-3f5b92e4 elementor-widget elementor-widget-heading\" data-id=\"3f5b92e4\" data-element_type=\"widget\" data-e-type=\"widget\" data-widget_type=\"heading.default\">\n\t\t\t\t\t<h1 class=\"elementor-heading-title elementor-size-default\"><b>Masa\u017c twarzy ba\u0144k\u0105 chi\u0144sk\u0105<\/h1>\t\t\t\t<\/div>\n\t\t\t\t<div class=\"elementor-element elementor-element-503486ac elementor-widget elementor-widget-text-editor\" data-id=\"503486ac\" data-element_type=\"widget\" data-e-type=\"widget\" data-widget_type=\"text-editor.default\">\n\t\t\t\t\t\t\t\t\t<p>Ba\u0144ki na twarz\nTo nowa metoda terapii starzej\u0105cej si\u0119 sk\u00f3ry, kt\u00f3ra szybko zyskuje na popularno\u015bci. Ba\u0144ki na twarzy s\u0105 niedrogie i nieinwazyjne, stanowi\u0105c bezpieczn\u0105 alternatyw\u0119 dla zabieg\u00f3w chirurgicznych lub chemicznych. Ba\u0144ki do twarzy wykorzystuj\u0105 ma\u0142e, specjalnie zaprojektowane przyssawki do podnoszenia i masowania tkanki twarzy. W rzeczywisto\u015bci nie jest to jednak nowa terapia. Terapia ba\u0144kami jest szeroko praktykowana od czwartego wieku, pomagaj\u0105c u\u017cytkownikom w wielu dziedzinach zdrowia i dobrego samopoczucia, w tym b\u00f3lu staw\u00f3w, regeneracji po treningu, stymulacji przep\u0142ywu krwi i odm\u0142adzania twarzy. Ba\u0144ki na twarzy oferowane s\u0105 w wielu uzdrowiskach przez praktyk\u00f3w TCM (Tradycyjnej Medycyny Chi\u0144skiej) i innych terapeut\u00f3w. Rezultaty pochodz\u0105 z u\u017cywania baniek tylko przez pi\u0119\u0107 minut na sesj\u0119, 2-3 razy w tygodniu.<\/p>\t\t\t\t\t\t\t\t<\/div>\n\t\t\t\t\t<\/div>\n\t\t<\/div>\n\t\t\t\t\t<\/div>\n\t\t<\/section>\n\t\t\t\t<\/div>","protected":false},"excerpt":{"rendered":"<p>Benefits Facial cupping offers a wide variety of benefits, including all the following: Stimulated fibroblast cells responsible for collagen and elasticity production Visibly reduced fine lines and wrinkles Improved product absorption &#038; nutrient delivery to skin Toned chin, jawline, neck &#038; d\u00e9colletage Increased oxygen-rich blood circulation, strengthened skin &#038; connective tissue Increased depth &#038; efficacy [&hellip;]<\/p>\n","protected":false},"author":1,"featured_media":0,"parent":0,"menu_order":0,"comment_status":"closed","ping_status":"closed","template":"","meta":{"footnotes":""},"class_list":["post-501","page","type-page","status-publish","hentry"],"_links":{"self":[{"href":"https:\/\/beautyboudoirbournemouth.co.uk\/pl\/wp-json\/wp\/v2\/pages\/501","targetHints":{"allow":["GET"]}}],"collection":[{"href":"https:\/\/beautyboudoirbournemouth.co.uk\/pl\/wp-json\/wp\/v2\/pages"}],"about":[{"href":"https:\/\/beautyboudoirbournemouth.co.uk\/pl\/wp-json\/wp\/v2\/types\/page"}],"author":[{"embeddable":true,"href":"https:\/\/beautyboudoirbournemouth.co.uk\/pl\/wp-json\/wp\/v2\/users\/1"}],"replies":[{"embeddable":true,"href":"https:\/\/beautyboudoirbournemouth.co.uk\/pl\/wp-json\/wp\/v2\/comments?post=501"}],"version-history":[{"count":0,"href":"https:\/\/beautyboudoirbournemouth.co.uk\/pl\/wp-json\/wp\/v2\/pages\/501\/revisions"}],"wp:attachment":[{"href":"https:\/\/beautyboudoirbournemouth.co.uk\/pl\/wp-json\/wp\/v2\/media?parent=501"}],"curies":[{"name":"wp","href":"https:\/\/api.w.org\/{rel}","templated":true}]}}