{"id":7492,"date":"2023-08-26T19:19:25","date_gmt":"2023-08-26T18:19:25","guid":{"rendered":"https:\/\/beautyboudoirbournemouth.co.uk\/?page_id=7492"},"modified":"2023-08-26T21:02:39","modified_gmt":"2023-08-26T20:02:39","slug":"dermapen-maeselle-nucleolift-revolutionary-skin-rejuvenation-collagen-boosting-solutions","status":"publish","type":"page","link":"https:\/\/beautyboudoirbournemouth.co.uk\/pl\/dermapen-maeselle-nucleolift-revolutionary-skin-rejuvenation-collagen-boosting-solutions\/","title":{"rendered":"Dermapen &amp; Maeselle Nucleolift: Revolutionary Skin Rejuvenation &amp; Collagen Boosting Solutions"},"content":{"rendered":"<div data-elementor-type=\"wp-page\" data-elementor-id=\"7492\" class=\"elementor elementor-7492\" data-elementor-post-type=\"page\">\n\t\t\t\t\t\t<section class=\"elementor-section elementor-top-section elementor-element elementor-element-3afa970d elementor-section-height-min-height elementor-section-content-middle elementor-section-boxed elementor-section-height-default elementor-section-items-middle\" data-id=\"3afa970d\" data-element_type=\"section\" data-e-type=\"section\" data-settings=\"{&quot;background_background&quot;:&quot;classic&quot;}\">\n\t\t\t\t\t\t\t<div class=\"elementor-background-overlay\"><\/div>\n\t\t\t\t\t\t\t<div class=\"elementor-container elementor-column-gap-no\">\n\t\t\t\t\t<div class=\"elementor-column elementor-col-100 elementor-top-column elementor-element elementor-element-2651ff2a\" data-id=\"2651ff2a\" data-element_type=\"column\" data-e-type=\"column\">\n\t\t\t<div class=\"elementor-widget-wrap elementor-element-populated\">\n\t\t\t\t\t\t<div class=\"elementor-element elementor-element-dd07183 elementor-widget elementor-widget-heading\" data-id=\"dd07183\" data-element_type=\"widget\" data-e-type=\"widget\" data-widget_type=\"heading.default\">\n\t\t\t\t\t<h1 class=\"elementor-heading-title elementor-size-default\"><b>NOWY ZABIEG<\/b> Dermapen &amp; Maeselle Nucleolift:<\/h1>\t\t\t\t<\/div>\n\t\t\t\t<div class=\"elementor-element elementor-element-52afd23 elementor-widget elementor-widget-heading\" data-id=\"52afd23\" data-element_type=\"widget\" data-e-type=\"widget\" data-widget_type=\"heading.default\">\n\t\t\t\t\t<h2 class=\"elementor-heading-title elementor-size-default\">Przoduj\u0105cy w Rewolucji w Odnowie Sk\u00f3ry<\/h2>\t\t\t\t<\/div>\n\t\t\t\t<div class=\"elementor-element elementor-element-c7a3c7f elementor-align-center elementor-widget elementor-widget-button\" data-id=\"c7a3c7f\" data-element_type=\"widget\" data-e-type=\"widget\" data-widget_type=\"button.default\">\n\t\t\t\t\t\t\t\t\t\t<a class=\"elementor-button elementor-button-link elementor-size-sm\" href=\"https:\/\/booksy.com\/en-gb\/73636_beauty-boudoir-spa_massage_1029122_bournemouth\" target=\"_blank\" rel=\"noopener\">\n\t\t\t\t\t\t<span class=\"elementor-button-content-wrapper\">\n\t\t\t\t\t\t\t\t\t<span class=\"elementor-button-text\">Um\u00f3w Konsultacj\u0119 <\/span>\n\t\t\t\t\t<\/span>\n\t\t\t\t\t<\/a>\n\t\t\t\t\t\t\t\t<\/div>\n\t\t\t\t\t<\/div>\n\t\t<\/div>\n\t\t\t\t\t<\/div>\n\t\t<\/section>\n\t\t<div class=\"elementor-element elementor-element-aeb312d e-flex e-con-boxed e-con e-parent\" data-id=\"aeb312d\" data-element_type=\"container\" data-e-type=\"container\">\n\t\t\t\t\t<div class=\"e-con-inner\">\n\t\t<div class=\"elementor-element elementor-element-97209e7 e-con-full e-flex e-con e-child\" data-id=\"97209e7\" data-element_type=\"container\" data-e-type=\"container\">\n\t\t\t\t<div class=\"elementor-element elementor-element-816af43 elementor-widget elementor-widget-heading\" data-id=\"816af43\" data-element_type=\"widget\" data-e-type=\"widget\" data-widget_type=\"heading.default\">\n\t\t\t\t\t<h3 class=\"elementor-heading-title elementor-size-default\">Odkryj Przysz\u0142o\u015b\u0107 Piel\u0119gnacji Sk\u00f3ry<\/h3>\t\t\t\t<\/div>\n\t\t\t\t<div class=\"elementor-element elementor-element-7cbec0c elementor-widget elementor-widget-text-editor\" data-id=\"7cbec0c\" data-element_type=\"widget\" data-e-type=\"widget\" data-widget_type=\"text-editor.default\">\n\t\t\t\t\t\t\t\t\t<p>Prezentujemy dwie rewolucyjne innowacje w \u015bwiecie odnowy sk\u00f3ry - Dermapen i Maeselle Nucleolift. Zanurz si\u0119 w ich wyj\u0105tkowych cechach i zrozum, jak zmieniaj\u0105 one krajobraz piel\u0119gnacji sk\u00f3ry.<\/p>\t\t\t\t\t\t\t\t<\/div>\n\t\t\t\t<div class=\"elementor-element elementor-element-3ec0b9b elementor-widget elementor-widget-heading\" data-id=\"3ec0b9b\" data-element_type=\"widget\" data-e-type=\"widget\" data-widget_type=\"heading.default\">\n\t\t\t\t\t<h3 class=\"elementor-heading-title elementor-size-default\">Dermapen<\/h3>\t\t\t\t<\/div>\n\t\t\t\t<div class=\"elementor-element elementor-element-e7217a4 elementor-widget elementor-widget-text-editor\" data-id=\"e7217a4\" data-element_type=\"widget\" data-e-type=\"widget\" data-widget_type=\"text-editor.default\">\n\t\t\t\t\t\t\t\t\t<ul><li class=\"translation-block\"><strong>Mikronak\u0142uwanie:<\/strong> Wykorzystaj moc cienkich igie\u0142, kt\u00f3re pionowo przebijaj\u0105 sk\u00f3r\u0119.<\/li><li class=\"translation-block\"><strong>Naturalne gojenie:<\/strong> Wywo\u0142uje mikrourazy, przyspieszaj\u0105c gojenie si\u0119 ran, zwi\u0119kszaj\u0105c produkcj\u0119 kolagenu.<\/li><li><strong>Key Benefits:<\/strong><ul><li>Plumper and firmer skin<\/li><li>Diminished fine lines, wrinkles, and acne scars<\/li><li>Minimized pore size<\/li><li>Enhanced absorption of topical products<\/li><\/ul><\/li><li class=\"translation-block\"><strong>Wydajnie i szybko:<\/strong>\nSesje trwaj\u0105 zaledwie 20-30 minut, z minimalnym zaczerwienieniem i wra\u017cliwo\u015bci\u0105 po zabiegu.<\/li><\/ul>\t\t\t\t\t\t\t\t<\/div>\n\t\t\t\t<div class=\"elementor-element elementor-element-5665a3a elementor-widget elementor-widget-heading\" data-id=\"5665a3a\" data-element_type=\"widget\" data-e-type=\"widget\" data-widget_type=\"heading.default\">\n\t\t\t\t\t<h3 class=\"elementor-heading-title elementor-size-default\">Maeselle Nucleolift<\/h3>\t\t\t\t<\/div>\n\t\t\t\t<div class=\"elementor-element elementor-element-8185999 elementor-widget elementor-widget-text-editor\" data-id=\"8185999\" data-element_type=\"widget\" data-e-type=\"widget\" data-widget_type=\"text-editor.default\">\n\t\t\t\t\t\t\t\t\t<ul><li class=\"translation-block\"><strong>Biostymulator o du\u017cej mocy:<\/strong> Zawiera mieszank\u0119 retinolu, koenzymu A, DNA sodu i peptyd\u00f3w.<\/li><li><strong>Transformative Benefits:<\/strong><ul><li>Elevates skin tone and firmness<\/li><li>Boosts skin elasticity and density<\/li><li>Fuels collagen and elastin synthesis<\/li><li>Mends damage from harmful UVA and UVB rays<\/li><li>Fights the prominent signs of skin aging<\/li><\/ul><\/li><li class=\"translation-block\"><strong>Ukierunkowane dzia\u0142anie:<\/strong>\n Idealny do walki z utrat\u0105 elastyczno\u015bci sk\u00f3ry, widocznymi zmarszczkami, nier\u00f3wnym kolorytem sk\u00f3ry i uszkodzeniami spowodowanymi stresem oksydacyjnym.<\/li><\/ul>\t\t\t\t\t\t\t\t<\/div>\n\t\t\t\t<\/div>\n\t\t<div class=\"elementor-element elementor-element-29737e5 e-con-full e-flex e-con e-child\" data-id=\"29737e5\" data-element_type=\"container\" data-e-type=\"container\" data-settings=\"{&quot;background_background&quot;:&quot;classic&quot;}\">\n\t\t\t\t<div class=\"elementor-element elementor-element-181fcf4 elementor-widget elementor-widget-image\" data-id=\"181fcf4\" data-element_type=\"widget\" data-e-type=\"widget\" data-widget_type=\"image.default\">\n\t\t\t\t\t\t\t\t\t\t\t\t\t\t\t<img fetchpriority=\"high\" decoding=\"async\" width=\"576\" height=\"1024\" src=\"https:\/\/beautyboudoirbournemouth.co.uk\/wp-content\/uploads\/2023\/08\/199ee5ae-8ee7-4bf6-a9da-3a9d1309ed7d-576x1024.png\" class=\"attachment-large size-large wp-image-7543\" alt=\"\" srcset=\"https:\/\/beautyboudoirbournemouth.co.uk\/wp-content\/uploads\/2023\/08\/199ee5ae-8ee7-4bf6-a9da-3a9d1309ed7d-576x1024.png 576w, https:\/\/beautyboudoirbournemouth.co.uk\/wp-content\/uploads\/2023\/08\/199ee5ae-8ee7-4bf6-a9da-3a9d1309ed7d-169x300.png 169w, https:\/\/beautyboudoirbournemouth.co.uk\/wp-content\/uploads\/2023\/08\/199ee5ae-8ee7-4bf6-a9da-3a9d1309ed7d-768x1365.png 768w, https:\/\/beautyboudoirbournemouth.co.uk\/wp-content\/uploads\/2023\/08\/199ee5ae-8ee7-4bf6-a9da-3a9d1309ed7d-864x1536.png 864w, https:\/\/beautyboudoirbournemouth.co.uk\/wp-content\/uploads\/2023\/08\/199ee5ae-8ee7-4bf6-a9da-3a9d1309ed7d-7x12.png 7w, https:\/\/beautyboudoirbournemouth.co.uk\/wp-content\/uploads\/2023\/08\/199ee5ae-8ee7-4bf6-a9da-3a9d1309ed7d.png 900w\" sizes=\"(max-width: 576px) 100vw, 576px\" title=\"\">\t\t\t\t\t\t\t\t\t\t\t\t\t\t\t<\/div>\n\t\t\t\t<\/div>\n\t\t\t\t\t<\/div>\n\t\t\t\t<\/div>\n\t\t<div class=\"elementor-element elementor-element-18d3984 e-flex e-con-boxed e-con e-parent\" data-id=\"18d3984\" data-element_type=\"container\" data-e-type=\"container\">\n\t\t\t\t\t<div class=\"e-con-inner\">\n\t\t<div class=\"elementor-element elementor-element-a7323cf e-con-full e-flex e-con e-child\" data-id=\"a7323cf\" data-element_type=\"container\" data-e-type=\"container\">\n\t\t\t\t<div class=\"elementor-element elementor-element-21116e8 elementor-widget elementor-widget-image\" data-id=\"21116e8\" data-element_type=\"widget\" data-e-type=\"widget\" data-widget_type=\"image.default\">\n\t\t\t\t\t\t\t\t\t\t\t\t\t\t\t<img decoding=\"async\" width=\"683\" height=\"1024\" src=\"https:\/\/beautyboudoirbournemouth.co.uk\/wp-content\/uploads\/2023\/08\/DSC08590-683x1024.jpg\" class=\"attachment-large size-large wp-image-7561\" alt=\"Expert-from-Beauty-Boudoir-salon-in-Bournemouth-Advice-For-optimized-results-and-to-understand-which-treatment-aligns-with-your-skin-needs,-always-consult-with-a-skincare-professional.\" srcset=\"https:\/\/beautyboudoirbournemouth.co.uk\/wp-content\/uploads\/2023\/08\/DSC08590-683x1024.jpg 683w, https:\/\/beautyboudoirbournemouth.co.uk\/wp-content\/uploads\/2023\/08\/DSC08590-200x300.jpg 200w, https:\/\/beautyboudoirbournemouth.co.uk\/wp-content\/uploads\/2023\/08\/DSC08590-768x1152.jpg 768w, https:\/\/beautyboudoirbournemouth.co.uk\/wp-content\/uploads\/2023\/08\/DSC08590-1024x1536.jpg 1024w, https:\/\/beautyboudoirbournemouth.co.uk\/wp-content\/uploads\/2023\/08\/DSC08590-1365x2048.jpg 1365w, https:\/\/beautyboudoirbournemouth.co.uk\/wp-content\/uploads\/2023\/08\/DSC08590-8x12.jpg 8w, https:\/\/beautyboudoirbournemouth.co.uk\/wp-content\/uploads\/2023\/08\/DSC08590-scaled.jpg 1707w\" sizes=\"(max-width: 683px) 100vw, 683px\" title=\"\">\t\t\t\t\t\t\t\t\t\t\t\t\t\t\t<\/div>\n\t\t\t\t<\/div>\n\t\t<div class=\"elementor-element elementor-element-faec6ad e-con-full e-flex e-con e-child\" data-id=\"faec6ad\" data-element_type=\"container\" data-e-type=\"container\">\n\t\t\t\t<div class=\"elementor-element elementor-element-1ae181d elementor-widget elementor-widget-heading\" data-id=\"1ae181d\" data-element_type=\"widget\" data-e-type=\"widget\" data-widget_type=\"heading.default\">\n\t\t\t\t\t<h3 class=\"elementor-heading-title elementor-size-default\">Dlaczego warto wybra\u0107 ten duet?<\/h3>\t\t\t\t<\/div>\n\t\t\t\t<div class=\"elementor-element elementor-element-9f5e9ea elementor-widget elementor-widget-text-editor\" data-id=\"9f5e9ea\" data-element_type=\"widget\" data-e-type=\"widget\" data-widget_type=\"text-editor.default\">\n\t\t\t\t\t\t\t\t\t<p>Dermapen i Maeselle Nucleolift to nieinwazyjne sposoby na odm\u0142odzenie sk\u00f3ry. Zlikwiduj blizny, wzmocnij kolagen lub napraw uszkodzenia sk\u00f3ry za pomoc\u0105 tych prze\u0142omowych rozwi\u0105za\u0144.<\/p>\t\t\t\t\t\t\t\t<\/div>\n\t\t\t\t<div class=\"elementor-element elementor-element-4c0c807 elementor-widget elementor-widget-text-editor\" data-id=\"4c0c807\" data-element_type=\"widget\" data-e-type=\"widget\" data-widget_type=\"text-editor.default\">\n\t\t\t\t\t\t\t\t\t<p class=\"translation-block\"><strong>Porada eksperta:<\/strong> Aby uzyska\u0107 optymalne rezultaty i zrozumie\u0107, kt\u00f3ry zabieg odpowiada potrzebom Twojej sk\u00f3ry, zawsze skonsultuj si\u0119 ze specjalist\u0105 ds. piel\u0119gnacji sk\u00f3ry.<\/p>\t\t\t\t\t\t\t\t<\/div>\n\t\t\t\t<div class=\"elementor-element elementor-element-2d6959d elementor-widget elementor-widget-button\" data-id=\"2d6959d\" data-element_type=\"widget\" data-e-type=\"widget\" data-widget_type=\"button.default\">\n\t\t\t\t\t\t\t\t\t\t<a class=\"elementor-button elementor-button-link elementor-size-sm\" href=\"https:\/\/booksy.com\/en-gb\/73636_beauty-boudoir-spa_massage_1029122_bournemouth\" target=\"_blank\" rel=\"noopener\">\n\t\t\t\t\t\t<span class=\"elementor-button-content-wrapper\">\n\t\t\t\t\t\t\t\t\t<span class=\"elementor-button-text\">Um\u00f3w Konsultacj\u0119 <\/span>\n\t\t\t\t\t<\/span>\n\t\t\t\t\t<\/a>\n\t\t\t\t\t\t\t\t<\/div>\n\t\t\t\t<div class=\"elementor-element elementor-element-0ccaed2 elementor-widget elementor-widget-text-editor\" data-id=\"0ccaed2\" data-element_type=\"widget\" data-e-type=\"widget\" data-widget_type=\"text-editor.default\">\n\t\t\t\t\t\t\t\t\t<p><strong>CENY ZABIEGU JU\u017b OD \u00a3101<\/strong><\/p>\t\t\t\t\t\t\t\t<\/div>\n\t\t\t\t<\/div>\n\t\t\t\t\t<\/div>\n\t\t\t\t<\/div>\n\t\t\t\t<\/div>","protected":false},"excerpt":{"rendered":"<p>NEW TREATMENT Dermapen &#038; Maeselle Nucleolift: Leading the Revolution in Skin Rejuvenation Book a Consultation Discover the Future of Skin Care Unveiling two revolutionary advancements in the world of skin rejuvenation &#8211; the Dermapen and Maeselle Nucleolift. Dive into their exclusive features and understand how they&#8217;re changing the landscape of skincare. The Dermapen Micro-Needling Marvel: [&hellip;]<\/p>\n","protected":false},"author":2,"featured_media":0,"parent":0,"menu_order":0,"comment_status":"closed","ping_status":"closed","template":"","meta":{"footnotes":""},"class_list":["post-7492","page","type-page","status-publish","hentry"],"_links":{"self":[{"href":"https:\/\/beautyboudoirbournemouth.co.uk\/pl\/wp-json\/wp\/v2\/pages\/7492","targetHints":{"allow":["GET"]}}],"collection":[{"href":"https:\/\/beautyboudoirbournemouth.co.uk\/pl\/wp-json\/wp\/v2\/pages"}],"about":[{"href":"https:\/\/beautyboudoirbournemouth.co.uk\/pl\/wp-json\/wp\/v2\/types\/page"}],"author":[{"embeddable":true,"href":"https:\/\/beautyboudoirbournemouth.co.uk\/pl\/wp-json\/wp\/v2\/users\/2"}],"replies":[{"embeddable":true,"href":"https:\/\/beautyboudoirbournemouth.co.uk\/pl\/wp-json\/wp\/v2\/comments?post=7492"}],"version-history":[{"count":0,"href":"https:\/\/beautyboudoirbournemouth.co.uk\/pl\/wp-json\/wp\/v2\/pages\/7492\/revisions"}],"wp:attachment":[{"href":"https:\/\/beautyboudoirbournemouth.co.uk\/pl\/wp-json\/wp\/v2\/media?parent=7492"}],"curies":[{"name":"wp","href":"https:\/\/api.w.org\/{rel}","templated":true}]}}