{"id":7601,"date":"2023-09-03T09:50:57","date_gmt":"2023-09-03T08:50:57","guid":{"rendered":"https:\/\/beautyboudoirbournemouth.co.uk\/?page_id=7601"},"modified":"2023-09-07T19:46:52","modified_gmt":"2023-09-07T18:46:52","slug":"arkana-c-fusion-glow-line-at-beauty-boudoir-bournemouth","status":"publish","type":"page","link":"https:\/\/beautyboudoirbournemouth.co.uk\/pl\/arkana-c-fusion-glow-line-at-beauty-boudoir-bournemouth\/","title":{"rendered":"Arkana C-Fusion Glow Line at Beauty Boudoir, Bournemouth!"},"content":{"rendered":"<div data-elementor-type=\"wp-page\" data-elementor-id=\"7601\" class=\"elementor elementor-7601\" data-elementor-post-type=\"page\">\n\t\t\t\t\t\t<section class=\"elementor-section elementor-top-section elementor-element elementor-element-7f01421b elementor-section-height-min-height elementor-section-content-middle elementor-section-boxed elementor-section-height-default elementor-section-items-middle\" data-id=\"7f01421b\" data-element_type=\"section\" data-e-type=\"section\" data-settings=\"{&quot;background_background&quot;:&quot;classic&quot;}\">\n\t\t\t\t\t\t\t<div class=\"elementor-background-overlay\"><\/div>\n\t\t\t\t\t\t\t<div class=\"elementor-container elementor-column-gap-no\">\n\t\t\t\t\t<div class=\"elementor-column elementor-col-100 elementor-top-column elementor-element elementor-element-79b4fd17\" data-id=\"79b4fd17\" data-element_type=\"column\" data-e-type=\"column\">\n\t\t\t<div class=\"elementor-widget-wrap elementor-element-populated\">\n\t\t\t\t\t\t<div class=\"elementor-element elementor-element-535a7f1 elementor-widget elementor-widget-heading\" data-id=\"535a7f1\" data-element_type=\"widget\" data-e-type=\"widget\" data-widget_type=\"heading.default\">\n\t\t\t\t\t<h1 class=\"elementor-heading-title elementor-size-default\">Prezentujemy Arkana <b>C-Fusion Glow Line at Beauty Boudoir, Bournemouth! <\/h1>\t\t\t\t<\/div>\n\t\t\t\t<div class=\"elementor-element elementor-element-273f44d1 elementor-widget elementor-widget-heading\" data-id=\"273f44d1\" data-element_type=\"widget\" data-e-type=\"widget\" data-widget_type=\"heading.default\">\n\t\t\t\t\t<h2 class=\"elementor-heading-title elementor-size-default\">Ol\u015bniewaj\u0105ca i odm\u0142odzona sk\u00f3ra dzi\u0119ki prze\u0142omowemu zabiegowi stworzonemu z my\u015bl\u0105 o dzisiejszych potrzebach piel\u0119gnacji sk\u00f3ry. Arkana C-Fusion Glow Line to nie tylko zabieg - to rewolucja dla sk\u00f3ry.<\/h2>\t\t\t\t<\/div>\n\t\t\t\t<div class=\"elementor-element elementor-element-d4025c1 elementor-align-center elementor-widget elementor-widget-button\" data-id=\"d4025c1\" data-element_type=\"widget\" data-e-type=\"widget\" data-widget_type=\"button.default\">\n\t\t\t\t\t\t\t\t\t\t<a class=\"elementor-button elementor-button-link elementor-size-sm\" href=\"https:\/\/beautyboudoirbournemouth.booksy.com\" target=\"_blank\" rel=\"noopener\">\n\t\t\t\t\t\t<span class=\"elementor-button-content-wrapper\">\n\t\t\t\t\t\t\t\t\t<span class=\"elementor-button-text\">Um\u00f3w si\u0119 Teraz!<\/span>\n\t\t\t\t\t<\/span>\n\t\t\t\t\t<\/a>\n\t\t\t\t\t\t\t\t<\/div>\n\t\t\t\t\t<\/div>\n\t\t<\/div>\n\t\t\t\t\t<\/div>\n\t\t<\/section>\n\t\t<div class=\"elementor-element elementor-element-25284ee3 e-flex e-con-boxed e-con e-parent\" data-id=\"25284ee3\" data-element_type=\"container\" data-e-type=\"container\">\n\t\t\t\t\t<div class=\"e-con-inner\">\n\t\t<div class=\"elementor-element elementor-element-27fad1c0 e-con-full e-flex e-con e-child\" data-id=\"27fad1c0\" data-element_type=\"container\" data-e-type=\"container\">\n\t\t\t\t<div class=\"elementor-element elementor-element-154a92fb elementor-widget elementor-widget-heading\" data-id=\"154a92fb\" data-element_type=\"widget\" data-e-type=\"widget\" data-widget_type=\"heading.default\">\n\t\t\t\t\t<h3 class=\"elementor-heading-title elementor-size-default\">Kluczowe korzy\u015bci:<\/h3>\t\t\t\t<\/div>\n\t\t\t\t<div class=\"elementor-element elementor-element-3631d189 elementor-widget elementor-widget-text-editor\" data-id=\"3631d189\" data-element_type=\"widget\" data-e-type=\"widget\" data-widget_type=\"text-editor.default\">\n\t\t\t\t\t\t\t\t\t<ul><li class=\"translation-block\"><strong>Pot\u0119ga potr\u00f3jnej witaminy C<\/strong>: Wykorzystaj moc trzech form witaminy C. Zanurz si\u0119 w niezr\u00f3wnanej ochronie antyoksydacyjnej.<\/li><li class=\"translation-block\"><strong>Stymulacja kolagenu<\/strong>: Przeciwstaw si\u0119 starzeniu dzi\u0119ki zwi\u0119kszonej syntezie kolagenu.<\/li><li class=\"translation-block\"><strong>Naprawa uszkodze\u0144 s\u0142onecznych<\/strong>: Ochron przed skutkami nadmiernej ekspozycji na s\u0142o\u0144ce i odwr\u00f3cenie ich dzia\u0142ania.<\/li><li><strong>Brighten &amp; Even<\/strong>: Say goodbye to discolourations and pigmentation disorders.<\/li><li><strong>Soothing Care<\/strong>: Reduce redness, calm irritated skin, and shrink dilated capillaries<\/li><\/ul>\t\t\t\t\t\t\t\t<\/div>\n\t\t\t\t<div class=\"elementor-element elementor-element-360350e7 elementor-widget elementor-widget-heading\" data-id=\"360350e7\" data-element_type=\"widget\" data-e-type=\"widget\" data-widget_type=\"heading.default\">\n\t\t\t\t\t<h3 class=\"elementor-heading-title elementor-size-default\">Doskona\u0142y dla:<\/h3>\t\t\t\t<\/div>\n\t\t\t\t<div class=\"elementor-element elementor-element-6002b3c2 elementor-widget elementor-widget-text-editor\" data-id=\"6002b3c2\" data-element_type=\"widget\" data-e-type=\"widget\" data-widget_type=\"text-editor.default\">\n\t\t\t\t\t\t\t\t\t<ul><li>Ka\u017cdego typu sk\u00f3ry.<\/li><li>Od\u017cywienia zm\u0119czonej, matowej cery<\/li><li>Od\u015bwie\u017cenie sk\u00f3ry palacza<\/li><li>Ulga w stresie dla os\u00f3b prowadz\u0105cych wymagaj\u0105ce \u017cycie<\/li><li>Dla wielbicieli s\u0142o\u0144ca w potrzebie regeneracji<\/li><li>Dla kobiet i m\u0119\u017cczyzn w ka\u017cdym wieku<\/li><li>Opieka po intensywnych zabiegach, zw\u0142aszcza po peelingach<\/li><li>\u00a0<\/li><\/ul>\t\t\t\t\t\t\t\t<\/div>\n\t\t\t\t<div class=\"elementor-element elementor-element-6c7ae067 elementor-widget elementor-widget-heading\" data-id=\"6c7ae067\" data-element_type=\"widget\" data-e-type=\"widget\" data-widget_type=\"heading.default\">\n\t\t\t\t\t<h3 class=\"elementor-heading-title elementor-size-default\">Dlaczego wybra\u0107 Beauty Boudoir?:<\/h3>\t\t\t\t<\/div>\n\t\t\t\t<div class=\"elementor-element elementor-element-376b0483 elementor-widget elementor-widget-text-editor\" data-id=\"376b0483\" data-element_type=\"widget\" data-e-type=\"widget\" data-widget_type=\"text-editor.default\">\n\t\t\t\t\t\t\t\t\t<p>W salonie Beauty Boudoir w Bournemouth wierzymy w holistyczne rozwi\u0105zania w dziedzinie urody. Nasze zabiegi to po\u0142\u0105czenie nauki i natury, gwarantuj\u0105ce najlepsze rezultaty. Otw\u00f3rz si\u0119 na promienny przysz\u0142o\u015b\u0107 z nami.<\/p>\t\t\t\t\t\t\t\t<\/div>\n\t\t\t\t<\/div>\n\t\t<div class=\"elementor-element elementor-element-72aa54d6 e-con-full e-flex e-con e-child\" data-id=\"72aa54d6\" data-element_type=\"container\" data-e-type=\"container\" data-settings=\"{&quot;background_background&quot;:&quot;classic&quot;}\">\n\t\t\t\t<div class=\"elementor-element elementor-element-3d7292ac elementor-widget elementor-widget-image\" data-id=\"3d7292ac\" data-element_type=\"widget\" data-e-type=\"widget\" data-widget_type=\"image.default\">\n\t\t\t\t\t\t\t\t\t\t\t\t\t\t\t<img fetchpriority=\"high\" decoding=\"async\" width=\"791\" height=\"577\" src=\"https:\/\/beautyboudoirbournemouth.co.uk\/wp-content\/uploads\/2023\/09\/Obraz1-791x577-1.png\" class=\"attachment-large size-large wp-image-7624\" alt=\"ARKANA C-FUSION GLOW ILLUMINATOR KREM ROZ\u015aWIETLAJ\u0104CY 50MLARKANA C-FUSION GLOW ILLUMINATOR KREM ROZ\u015aWIETLAJ\u0104CY 50ML\" srcset=\"https:\/\/beautyboudoirbournemouth.co.uk\/wp-content\/uploads\/2023\/09\/Obraz1-791x577-1.png 791w, https:\/\/beautyboudoirbournemouth.co.uk\/wp-content\/uploads\/2023\/09\/Obraz1-791x577-1-300x219.png 300w, https:\/\/beautyboudoirbournemouth.co.uk\/wp-content\/uploads\/2023\/09\/Obraz1-791x577-1-768x560.png 768w, https:\/\/beautyboudoirbournemouth.co.uk\/wp-content\/uploads\/2023\/09\/Obraz1-791x577-1-16x12.png 16w\" sizes=\"(max-width: 791px) 100vw, 791px\" title=\"\">\t\t\t\t\t\t\t\t\t\t\t\t\t\t\t<\/div>\n\t\t\t\t<\/div>\n\t\t\t\t\t<\/div>\n\t\t\t\t<\/div>\n\t\t\t\t<\/div>","protected":false},"excerpt":{"rendered":"<p>Introducing the Arkana C-Fusion Glow Line at Beauty Boudoir, Bournemouth! Illuminate and rejuvenate with a game-changing treatment designed for today&#8217;s skincare needs. The Arkana C-Fusion Glow Line is not just a treatment; it&#8217;s a skin revolution. Book Now! \ud83c\udf1f Key Benefits: Triple Vitamin C Power: Harness the might of three forms of vitamin C. Dive [&hellip;]<\/p>\n","protected":false},"author":2,"featured_media":0,"parent":0,"menu_order":0,"comment_status":"closed","ping_status":"closed","template":"","meta":{"footnotes":""},"class_list":["post-7601","page","type-page","status-publish","hentry"],"_links":{"self":[{"href":"https:\/\/beautyboudoirbournemouth.co.uk\/pl\/wp-json\/wp\/v2\/pages\/7601","targetHints":{"allow":["GET"]}}],"collection":[{"href":"https:\/\/beautyboudoirbournemouth.co.uk\/pl\/wp-json\/wp\/v2\/pages"}],"about":[{"href":"https:\/\/beautyboudoirbournemouth.co.uk\/pl\/wp-json\/wp\/v2\/types\/page"}],"author":[{"embeddable":true,"href":"https:\/\/beautyboudoirbournemouth.co.uk\/pl\/wp-json\/wp\/v2\/users\/2"}],"replies":[{"embeddable":true,"href":"https:\/\/beautyboudoirbournemouth.co.uk\/pl\/wp-json\/wp\/v2\/comments?post=7601"}],"version-history":[{"count":0,"href":"https:\/\/beautyboudoirbournemouth.co.uk\/pl\/wp-json\/wp\/v2\/pages\/7601\/revisions"}],"wp:attachment":[{"href":"https:\/\/beautyboudoirbournemouth.co.uk\/pl\/wp-json\/wp\/v2\/media?parent=7601"}],"curies":[{"name":"wp","href":"https:\/\/api.w.org\/{rel}","templated":true}]}}