{"id":7633,"date":"2023-09-06T14:20:04","date_gmt":"2023-09-06T13:20:04","guid":{"rendered":"https:\/\/beautyboudoirbournemouth.co.uk\/?page_id=7633"},"modified":"2023-09-07T19:47:03","modified_gmt":"2023-09-07T18:47:03","slug":"lactobionic-therapy-by-arcana","status":"publish","type":"page","link":"https:\/\/beautyboudoirbournemouth.co.uk\/pl\/lactobionic-therapy-by-arcana\/","title":{"rendered":"Lactobionic Therapy by Arcana"},"content":{"rendered":"<div data-elementor-type=\"wp-page\" data-elementor-id=\"7633\" class=\"elementor elementor-7633\" data-elementor-post-type=\"page\">\n\t\t\t\t\t\t<section class=\"elementor-section elementor-top-section elementor-element elementor-element-329dd363 elementor-section-height-min-height elementor-section-content-middle elementor-section-boxed elementor-section-height-default elementor-section-items-middle\" data-id=\"329dd363\" data-element_type=\"section\" data-e-type=\"section\" data-settings=\"{&quot;background_background&quot;:&quot;classic&quot;}\">\n\t\t\t\t\t\t\t<div class=\"elementor-background-overlay\"><\/div>\n\t\t\t\t\t\t\t<div class=\"elementor-container elementor-column-gap-no\">\n\t\t\t\t\t<div class=\"elementor-column elementor-col-100 elementor-top-column elementor-element elementor-element-680c1ef5\" data-id=\"680c1ef5\" data-element_type=\"column\" data-e-type=\"column\">\n\t\t\t<div class=\"elementor-widget-wrap elementor-element-populated\">\n\t\t\t\t\t\t<div class=\"elementor-element elementor-element-318d7d7c elementor-widget elementor-widget-heading\" data-id=\"318d7d7c\" data-element_type=\"widget\" data-e-type=\"widget\" data-widget_type=\"heading.default\">\n\t\t\t\t\t<h1 class=\"elementor-heading-title elementor-size-default\">Prezentujemy Arkana <b>LACTOBIONIC NEURO THERAPY <\/b>w Beauty Boudoir, Bournemouth! <\/h1>\t\t\t\t<\/div>\n\t\t\t\t<div class=\"elementor-element elementor-element-2c6baf6c elementor-widget elementor-widget-heading\" data-id=\"2c6baf6c\" data-element_type=\"widget\" data-e-type=\"widget\" data-widget_type=\"heading.default\">\n\t\t\t\t\t<h2 class=\"elementor-heading-title elementor-size-default\">Twoje sanktuarium urody i odnowy<\/h2>\t\t\t\t<\/div>\n\t\t\t\t<div class=\"elementor-element elementor-element-26bc9e9d elementor-align-center elementor-widget elementor-widget-button\" data-id=\"26bc9e9d\" data-element_type=\"widget\" data-e-type=\"widget\" data-widget_type=\"button.default\">\n\t\t\t\t\t\t\t\t\t\t<a class=\"elementor-button elementor-button-link elementor-size-sm\" href=\"https:\/\/beautyboudoirbournemouth.booksy.com\" target=\"_blank\" rel=\"noopener\">\n\t\t\t\t\t\t<span class=\"elementor-button-content-wrapper\">\n\t\t\t\t\t\t\t\t\t<span class=\"elementor-button-text\">Um\u00f3w si\u0119 Teraz!<\/span>\n\t\t\t\t\t<\/span>\n\t\t\t\t\t<\/a>\n\t\t\t\t\t\t\t\t<\/div>\n\t\t\t\t\t<\/div>\n\t\t<\/div>\n\t\t\t\t\t<\/div>\n\t\t<\/section>\n\t\t<div class=\"elementor-element elementor-element-44466a70 e-flex e-con-boxed e-con e-parent\" data-id=\"44466a70\" data-element_type=\"container\" data-e-type=\"container\">\n\t\t\t\t\t<div class=\"e-con-inner\">\n\t\t<div class=\"elementor-element elementor-element-53f6947 e-con-full e-flex e-con e-child\" data-id=\"53f6947\" data-element_type=\"container\" data-e-type=\"container\">\n\t\t\t\t<div class=\"elementor-element elementor-element-1f321832 elementor-widget elementor-widget-heading\" data-id=\"1f321832\" data-element_type=\"widget\" data-e-type=\"widget\" data-widget_type=\"heading.default\">\n\t\t\t\t\t<h3 class=\"elementor-heading-title elementor-size-default\">Odkryj moc kwasu lakto-bionowego \ud83c\udf3f:<\/h3>\t\t\t\t<\/div>\n\t\t\t\t<div class=\"elementor-element elementor-element-5d97dc3c elementor-widget elementor-widget-text-editor\" data-id=\"5d97dc3c\" data-element_type=\"widget\" data-e-type=\"widget\" data-widget_type=\"text-editor.default\">\n\t\t\t\t\t\t\t\t\t<p><strong>Terapia Arcana Lactobionic<\/strong><\/p>\t\t\t\t\t\t\t\t<\/div>\n\t\t\t\t<div class=\"elementor-element elementor-element-d98d6f9 elementor-widget elementor-widget-text-editor\" data-id=\"d98d6f9\" data-element_type=\"widget\" data-e-type=\"widget\" data-widget_type=\"text-editor.default\">\n\t\t\t\t\t\t\t\t\t<p>Poznaj terapi\u0119, kt\u00f3ra \u0142\u0105czy w sobie delikatno\u015b\u0107 z efektywno\u015bci\u0105, dostosowan\u0105 do potrzeb wsp\u00f3\u0142czesnej piel\u0119gnacji sk\u00f3ry.<\/p>\t\t\t\t\t\t\t\t<\/div>\n\t\t\t\t<div class=\"elementor-element elementor-element-67f8be58 elementor-widget elementor-widget-heading\" data-id=\"67f8be58\" data-element_type=\"widget\" data-e-type=\"widget\" data-widget_type=\"heading.default\">\n\t\t\t\t\t<h3 class=\"elementor-heading-title elementor-size-default\">Kluczowe korzy\u015bci:<\/h3>\t\t\t\t<\/div>\n\t\t\t\t<div class=\"elementor-element elementor-element-1fcce1b0 elementor-widget elementor-widget-text-editor\" data-id=\"1fcce1b0\" data-element_type=\"widget\" data-e-type=\"widget\" data-widget_type=\"text-editor.default\">\n\t\t\t\t\t\t\t\t\t<ul>\n<li><strong>Delikatne z\u0142uszczanie<\/strong>: Specjalnie zaprojektowane dla sk\u00f3ry wra\u017cliwej i naczyniowej, gwarantuj\u0105ce brak podra\u017cnie\u0144.<\/li>\n<li><strong>Efekt nawil\u017cenia<\/strong>: Kwas lakto-bionowy intensywnie nawil\u017ca sk\u00f3r\u0119, pozostawiaj\u0105c j\u0105 mi\u0119kk\u0105 i elastyczn\u0105.<\/li>\n<li><strong>Korzy\u015bci regeneruj\u0105ce<\/strong>: Pomaga w procesie odnowy sk\u00f3ry, promuj\u0105c m\u0142odzie\u0144czy wygl\u0105d.<\/li>\n<li><strong>W\u0142a\u015bciwo\u015bci \u0142agodz\u0105ce<\/strong>: Idealne dla sk\u00f3ry podra\u017cnionej zabiegami estetycznymi i dermatologicznymi, zapewniaj\u0105c efekt koj\u0105cy.<\/li>\n<li><strong>Bezpieczna terapia po zabiegu<\/strong>: Gor\u0105co polecana jako terapia kontynuacyjna po zabiegach chemicznych i dermatologicznych.<\/li>\n<li><strong>Dla sk\u00f3ry wra\u017cliwej<\/strong>: Doskona\u0142a alternatywa dla os\u00f3b, kt\u00f3re nie toleruj\u0105 innych zabieg\u00f3w z\u0142uszczaj\u0105cych.<\/li>\n<li><strong>Brak fotosensybilizacji<\/strong>: Mo\u017ce by\u0107 stosowana przez ca\u0142y rok bez ryzyka zwi\u0119kszonej wra\u017cliwo\u015bci na s\u0142o\u0144ce.<\/li>\n<\/ul>\t\t\t\t\t\t\t\t<\/div>\n\t\t\t\t<\/div>\n\t\t<div class=\"elementor-element elementor-element-6d6182a3 e-con-full e-flex e-con e-child\" data-id=\"6d6182a3\" data-element_type=\"container\" data-e-type=\"container\" data-settings=\"{&quot;background_background&quot;:&quot;classic&quot;}\">\n\t\t\t\t<div class=\"elementor-element elementor-element-7b669736 elementor-widget elementor-widget-image\" data-id=\"7b669736\" data-element_type=\"widget\" data-e-type=\"widget\" data-widget_type=\"image.default\">\n\t\t\t\t\t\t\t\t\t\t\t\t\t\t\t<img fetchpriority=\"high\" decoding=\"async\" width=\"686\" height=\"457\" src=\"https:\/\/beautyboudoirbournemouth.co.uk\/wp-content\/uploads\/2023\/09\/Lactobionic-686x457-1.jpg\" class=\"attachment-large size-large wp-image-7656\" alt=\"\" srcset=\"https:\/\/beautyboudoirbournemouth.co.uk\/wp-content\/uploads\/2023\/09\/Lactobionic-686x457-1.jpg 686w, https:\/\/beautyboudoirbournemouth.co.uk\/wp-content\/uploads\/2023\/09\/Lactobionic-686x457-1-300x200.jpg 300w, https:\/\/beautyboudoirbournemouth.co.uk\/wp-content\/uploads\/2023\/09\/Lactobionic-686x457-1-18x12.jpg 18w\" sizes=\"(max-width: 686px) 100vw, 686px\" title=\"\">\t\t\t\t\t\t\t\t\t\t\t\t\t\t\t<\/div>\n\t\t\t\t<\/div>\n\t\t\t\t\t<\/div>\n\t\t\t\t<\/div>\n\t\t\t\t<\/div>","protected":false},"excerpt":{"rendered":"<p>Introducing the Arkana LACTOBIONIC NEURO THERAPY at Beauty Boudoir, Bournemouth! Your Sanctuary of Beauty and Renewal Book Now! Discover the Power of Lactobionic Acid \ud83c\udf3f: Arcana Lactobionic Therapy Experience a treatment that marries gentleness with efficacy, tailored to meet the needs of modern skincare. \ud83c\udf1f Key Benefits: Gentle Exfoliation: Specifically designed for sensitive and capillary [&hellip;]<\/p>\n","protected":false},"author":2,"featured_media":0,"parent":0,"menu_order":0,"comment_status":"closed","ping_status":"closed","template":"","meta":{"footnotes":""},"class_list":["post-7633","page","type-page","status-publish","hentry"],"_links":{"self":[{"href":"https:\/\/beautyboudoirbournemouth.co.uk\/pl\/wp-json\/wp\/v2\/pages\/7633","targetHints":{"allow":["GET"]}}],"collection":[{"href":"https:\/\/beautyboudoirbournemouth.co.uk\/pl\/wp-json\/wp\/v2\/pages"}],"about":[{"href":"https:\/\/beautyboudoirbournemouth.co.uk\/pl\/wp-json\/wp\/v2\/types\/page"}],"author":[{"embeddable":true,"href":"https:\/\/beautyboudoirbournemouth.co.uk\/pl\/wp-json\/wp\/v2\/users\/2"}],"replies":[{"embeddable":true,"href":"https:\/\/beautyboudoirbournemouth.co.uk\/pl\/wp-json\/wp\/v2\/comments?post=7633"}],"version-history":[{"count":0,"href":"https:\/\/beautyboudoirbournemouth.co.uk\/pl\/wp-json\/wp\/v2\/pages\/7633\/revisions"}],"wp:attachment":[{"href":"https:\/\/beautyboudoirbournemouth.co.uk\/pl\/wp-json\/wp\/v2\/media?parent=7633"}],"curies":[{"name":"wp","href":"https:\/\/api.w.org\/{rel}","templated":true}]}}