{"id":7680,"date":"2023-09-10T10:32:26","date_gmt":"2023-09-10T09:32:26","guid":{"rendered":"https:\/\/beautyboudoirbournemouth.co.uk\/?page_id=7680"},"modified":"2023-09-11T12:34:06","modified_gmt":"2023-09-11T11:34:06","slug":"eye-complex-care-by-arkana","status":"publish","type":"page","link":"https:\/\/beautyboudoirbournemouth.co.uk\/pl\/eye-complex-care-by-arkana\/","title":{"rendered":"Eye Complex Care by Arkana"},"content":{"rendered":"<div data-elementor-type=\"wp-page\" data-elementor-id=\"7680\" class=\"elementor elementor-7680\" data-elementor-post-type=\"page\">\n\t\t\t\t\t\t<section class=\"elementor-section elementor-top-section elementor-element elementor-element-7066b0be elementor-section-height-min-height elementor-section-content-middle elementor-section-boxed elementor-section-height-default elementor-section-items-middle\" data-id=\"7066b0be\" data-element_type=\"section\" data-e-type=\"section\" data-settings=\"{&quot;background_background&quot;:&quot;classic&quot;}\">\n\t\t\t\t\t\t\t<div class=\"elementor-background-overlay\"><\/div>\n\t\t\t\t\t\t\t<div class=\"elementor-container elementor-column-gap-no\">\n\t\t\t\t\t<div class=\"elementor-column elementor-col-100 elementor-top-column elementor-element elementor-element-43df80f6\" data-id=\"43df80f6\" data-element_type=\"column\" data-e-type=\"column\">\n\t\t\t<div class=\"elementor-widget-wrap elementor-element-populated\">\n\t\t\t\t\t\t<div class=\"elementor-element elementor-element-7834280 elementor-widget elementor-widget-heading\" data-id=\"7834280\" data-element_type=\"widget\" data-e-type=\"widget\" data-widget_type=\"heading.default\">\n\t\t\t\t\t<h1 class=\"elementor-heading-title elementor-size-default\"><b>Eye Complex Care by Arkana + Mask: <\/b>Rewolucyjna Ochrona Twoich Oczu<\/h1>\t\t\t\t<\/div>\n\t\t\t\t<div class=\"elementor-element elementor-element-56ad7e9 elementor-widget elementor-widget-heading\" data-id=\"56ad7e9\" data-element_type=\"widget\" data-e-type=\"widget\" data-widget_type=\"heading.default\">\n\t\t\t\t\t<h2 class=\"elementor-heading-title elementor-size-default\"><b>Odkryj Kompleksow\u0105 Ochron\u0119<\/b>\n\n\ud83d\udc41\ufe0f Zanurz si\u0119 w skomplikowanej piel\u0119gnacji sk\u00f3ry wok\u00f3\u0142 oczu. Eye Complex Care po\u015bwi\u0119ca si\u0119, aby Twoje oczy wygl\u0105da\u0142y i czu\u0142y si\u0119 absolutnie najlepiej. Prze\u017cyj g\u0142\u0119bokie dzia\u0142anie naszych zabieg\u00f3w, kt\u00f3re docieraj\u0105 do ka\u017cdej warstwy delikatnej sk\u00f3ry wok\u00f3\u0142 Twoich oczu.<\/h2>\t\t\t\t<\/div>\n\t\t\t\t<div class=\"elementor-element elementor-element-7eb6083e elementor-align-center elementor-widget elementor-widget-button\" data-id=\"7eb6083e\" data-element_type=\"widget\" data-e-type=\"widget\" data-widget_type=\"button.default\">\n\t\t\t\t\t\t\t\t\t\t<a class=\"elementor-button elementor-button-link elementor-size-sm\" href=\"https:\/\/beautyboudoirbournemouth.booksy.com\" target=\"_blank\" rel=\"noopener\">\n\t\t\t\t\t\t<span class=\"elementor-button-content-wrapper\">\n\t\t\t\t\t\t\t\t\t<span class=\"elementor-button-text\">Um\u00f3w si\u0119 Teraz!<\/span>\n\t\t\t\t\t<\/span>\n\t\t\t\t\t<\/a>\n\t\t\t\t\t\t\t\t<\/div>\n\t\t\t\t\t<\/div>\n\t\t<\/div>\n\t\t\t\t\t<\/div>\n\t\t<\/section>\n\t\t<div class=\"elementor-element elementor-element-c591cb1 e-flex e-con-boxed e-con e-parent\" data-id=\"c591cb1\" data-element_type=\"container\" data-e-type=\"container\">\n\t\t\t\t\t<div class=\"e-con-inner\">\n\t\t<div class=\"elementor-element elementor-element-41b7fdea e-con-full e-flex e-con e-child\" data-id=\"41b7fdea\" data-element_type=\"container\" data-e-type=\"container\">\n\t\t\t\t<div class=\"elementor-element elementor-element-4203e528 elementor-widget elementor-widget-heading\" data-id=\"4203e528\" data-element_type=\"widget\" data-e-type=\"widget\" data-widget_type=\"heading.default\">\n\t\t\t\t\t<h3 class=\"elementor-heading-title elementor-size-default\"> Synergiczne Po\u0142\u0105czenie 10 Aktywnych Sk\u0142adnik\u00f3w<\/h3>\t\t\t\t<\/div>\n\t\t\t\t<div class=\"elementor-element elementor-element-72a117d2 elementor-widget elementor-widget-text-editor\" data-id=\"72a117d2\" data-element_type=\"widget\" data-e-type=\"widget\" data-widget_type=\"text-editor.default\">\n\t\t\t\t\t\t\t\t\t<p>Korzystaj\u0105c z mocy dziesi\u0119ciu starannie dobranych sk\u0142adnik\u00f3w, Arkana prezentuje rozwi\u0105zanie hybrydowe do domowej piel\u0119gnacji i salonu pi\u0119kno\u015bci, kt\u00f3re podkre\u015bla pi\u0119kno Twoich oczu.<\/p>\t\t\t\t\t\t\t\t<\/div>\n\t\t\t\t<div class=\"elementor-element elementor-element-6007dc13 elementor-widget elementor-widget-heading\" data-id=\"6007dc13\" data-element_type=\"widget\" data-e-type=\"widget\" data-widget_type=\"heading.default\">\n\t\t\t\t\t<h3 class=\"elementor-heading-title elementor-size-default\">Odpowied\u017a na Sze\u015b\u0107 G\u0142\u00f3wnych Problem\u00f3w:<\/h3>\t\t\t\t<\/div>\n\t\t\t\t<div class=\"elementor-element elementor-element-4a520497 elementor-widget elementor-widget-text-editor\" data-id=\"4a520497\" data-element_type=\"widget\" data-e-type=\"widget\" data-widget_type=\"text-editor.default\">\n\t\t\t\t\t\t\t\t\t<ul><li>Zmarszczki wok\u00f3\u0142 oczu<\/li><li>Opadaj\u0105ce powieki<\/li><li>Utrata elastyczno\u015bci<\/li><li>Pog\u0142\u0119biona \"dolina \u0142ez\"<\/li><li>Ciemne kr\u0119gi i siniaki<\/li><li>Sk\u0142onno\u015b\u0107 do obrz\u0119k\u00f3w i work\u00f3w pod oczami<\/li><\/ul>\t\t\t\t\t\t\t\t<\/div>\n\t\t\t\t<div class=\"elementor-element elementor-element-5fdf4fb2 elementor-widget elementor-widget-heading\" data-id=\"5fdf4fb2\" data-element_type=\"widget\" data-e-type=\"widget\" data-widget_type=\"heading.default\">\n\t\t\t\t\t<h3 class=\"elementor-heading-title elementor-size-default\">Ca\u0142o\u015bciowe Podej\u015bcie dla Wiecznie M\u0142odych Oczu<\/h3>\t\t\t\t<\/div>\n\t\t\t\t<div class=\"elementor-element elementor-element-1037a771 elementor-widget elementor-widget-text-editor\" data-id=\"1037a771\" data-element_type=\"widget\" data-e-type=\"widget\" data-widget_type=\"text-editor.default\">\n\t\t\t\t\t\t\t\t\t<p>Nie skupiamy si\u0119 tylko na indywidualnych problemach; przyjmujemy globalne podej\u015bcie. Dzi\u0119ki rewolucyjnym sk\u0142adnikom i nowoczesnym programom zabiegowym, Arkana gwarantuje innowacyjne i kompleksowe efekty.<\/p>\t\t\t\t\t\t\t\t<\/div>\n\t\t\t\t<\/div>\n\t\t<div class=\"elementor-element elementor-element-29cc278a e-con-full e-flex e-con e-child\" data-id=\"29cc278a\" data-element_type=\"container\" data-e-type=\"container\" data-settings=\"{&quot;background_background&quot;:&quot;classic&quot;}\">\n\t\t\t\t<div class=\"elementor-element elementor-element-459b2fcf elementor-widget elementor-widget-image\" data-id=\"459b2fcf\" data-element_type=\"widget\" data-e-type=\"widget\" data-widget_type=\"image.default\">\n\t\t\t\t\t\t\t\t\t\t\t\t\t\t\t<img fetchpriority=\"high\" decoding=\"async\" width=\"600\" height=\"400\" src=\"https:\/\/beautyboudoirbournemouth.co.uk\/wp-content\/uploads\/2023\/09\/maseczka_pod_oczy.jpg\" class=\"attachment-large size-large wp-image-7719\" alt=\"Beauty salon in Bournemouth -Comprehensive Skin Care\" srcset=\"https:\/\/beautyboudoirbournemouth.co.uk\/wp-content\/uploads\/2023\/09\/maseczka_pod_oczy.jpg 600w, https:\/\/beautyboudoirbournemouth.co.uk\/wp-content\/uploads\/2023\/09\/maseczka_pod_oczy-300x200.jpg 300w, https:\/\/beautyboudoirbournemouth.co.uk\/wp-content\/uploads\/2023\/09\/maseczka_pod_oczy-18x12.jpg 18w\" sizes=\"(max-width: 600px) 100vw, 600px\" title=\"\">\t\t\t\t\t\t\t\t\t\t\t\t\t\t\t<\/div>\n\t\t\t\t<\/div>\n\t\t\t\t\t<\/div>\n\t\t\t\t<\/div>\n\t\t<div class=\"elementor-element elementor-element-28e896e e-flex e-con-boxed e-con e-parent\" data-id=\"28e896e\" data-element_type=\"container\" data-e-type=\"container\">\n\t\t\t\t\t<div class=\"e-con-inner\">\n\t\t<div class=\"elementor-element elementor-element-01f5eca e-con-full e-flex e-con e-child\" data-id=\"01f5eca\" data-element_type=\"container\" data-e-type=\"container\" data-settings=\"{&quot;background_background&quot;:&quot;classic&quot;}\">\n\t\t\t\t<div class=\"elementor-element elementor-element-721fe53 elementor-widget elementor-widget-image\" data-id=\"721fe53\" data-element_type=\"widget\" data-e-type=\"widget\" data-widget_type=\"image.default\">\n\t\t\t\t\t\t\t\t\t\t\t\t\t\t\t<img decoding=\"async\" width=\"794\" height=\"950\" src=\"https:\/\/beautyboudoirbournemouth.co.uk\/wp-content\/uploads\/2023\/09\/Zrzut-ekranu-2023-09-10-o-11.27.12.png\" class=\"attachment-large size-large wp-image-7684\" alt=\"We don&#039;t just focus on individual problems; we adopt a global approach. With revolutionary ingredients and state-of-the-art treatment programmes, Arkana ensures innovative and comprehensive effects.\" srcset=\"https:\/\/beautyboudoirbournemouth.co.uk\/wp-content\/uploads\/2023\/09\/Zrzut-ekranu-2023-09-10-o-11.27.12.png 794w, https:\/\/beautyboudoirbournemouth.co.uk\/wp-content\/uploads\/2023\/09\/Zrzut-ekranu-2023-09-10-o-11.27.12-251x300.png 251w, https:\/\/beautyboudoirbournemouth.co.uk\/wp-content\/uploads\/2023\/09\/Zrzut-ekranu-2023-09-10-o-11.27.12-768x919.png 768w, https:\/\/beautyboudoirbournemouth.co.uk\/wp-content\/uploads\/2023\/09\/Zrzut-ekranu-2023-09-10-o-11.27.12-10x12.png 10w\" sizes=\"(max-width: 794px) 100vw, 794px\" title=\"\">\t\t\t\t\t\t\t\t\t\t\t\t\t\t\t<\/div>\n\t\t\t\t<\/div>\n\t\t<div class=\"elementor-element elementor-element-8e9225f e-con-full e-flex e-con e-child\" data-id=\"8e9225f\" data-element_type=\"container\" data-e-type=\"container\">\n\t\t\t\t<div class=\"elementor-element elementor-element-fc63bab elementor-widget elementor-widget-heading\" data-id=\"fc63bab\" data-element_type=\"widget\" data-e-type=\"widget\" data-widget_type=\"heading.default\">\n\t\t\t\t\t<h3 class=\"elementor-heading-title elementor-size-default\">Kompleksowa Maska Konturowa do Oczu Arkana<\/h3>\t\t\t\t<\/div>\n\t\t\t\t<div class=\"elementor-element elementor-element-4bd8807 elementor-widget elementor-widget-text-editor\" data-id=\"4bd8807\" data-element_type=\"widget\" data-e-type=\"widget\" data-widget_type=\"text-editor.default\">\n\t\t\t\t\t\t\t\t\t<p>Prezentujemy Twoje wszechstronne rozwi\u0105zanie dla problem\u00f3w zwi\u0105zanych z obszarem wok\u00f3\u0142 oczu. Ta zaawansowana maska szybko usuwa objawy zm\u0119czenia, wyg\u0142adza zmarszczki i rozja\u015bnia cienie pod oczami, przynosz\u0105c ekspresowe efekty w zaledwie 5 minut.<\/p><p>Nasycona ekstraktem z niebieskiej agawy, koenzymem Q10 oraz kwasem hialuronowym, maska oferuje ca\u0142o\u015bciowe dzia\u0142anie, uj\u0119drniaj\u0105c i wyg\u0142adzaj\u0105c delikatn\u0105 sk\u00f3r\u0119 wok\u00f3\u0142 oczu. Wykonana z kompatybilnej ze sk\u00f3r\u0105 nanobiocelulozy, idealnie dopasowuje si\u0119 do obszaru oka, obejmuj\u0105c zar\u00f3wno g\u00f3rn\u0105, jak i doln\u0105 powiek\u0119 oraz obszar kurzych \u0142apek.<\/p><p>Dzi\u0119ki opatentowanej technologii enkapsulacji nanoliposomami, aktywne sk\u0142adniki tej maski g\u0142\u0119boko przenikaj\u0105 sk\u00f3r\u0119, gwarantuj\u0105c optymalne rezultaty. Aplikacja jest prosta i wygodna, umo\u017cliwiaj\u0105c lepsze wch\u0142anianie sk\u0142adnik\u00f3w dla osi\u0105gni\u0119cia najwy\u017cszych efekt\u00f3w.<\/p>\t\t\t\t\t\t\t\t<\/div>\n\t\t\t\t<\/div>\n\t\t\t\t\t<\/div>\n\t\t\t\t<\/div>\n\t\t\t\t<\/div>","protected":false},"excerpt":{"rendered":"<p>Eye Complex Care by Arkana + Mask: Transformative Care for Your Eyes Eye Complex Care by Arkana: Transformative Care for Your Eyes \ud83d\udc41\ufe0f Discover Comprehensive Care Delving into the intricacies of skincare around the eyes, Eye Complex Care is dedicated to ensuring your eyes look and feel their absolute best. Dive deep with our intricate [&hellip;]<\/p>\n","protected":false},"author":2,"featured_media":0,"parent":0,"menu_order":0,"comment_status":"closed","ping_status":"closed","template":"","meta":{"footnotes":""},"class_list":["post-7680","page","type-page","status-publish","hentry"],"_links":{"self":[{"href":"https:\/\/beautyboudoirbournemouth.co.uk\/pl\/wp-json\/wp\/v2\/pages\/7680","targetHints":{"allow":["GET"]}}],"collection":[{"href":"https:\/\/beautyboudoirbournemouth.co.uk\/pl\/wp-json\/wp\/v2\/pages"}],"about":[{"href":"https:\/\/beautyboudoirbournemouth.co.uk\/pl\/wp-json\/wp\/v2\/types\/page"}],"author":[{"embeddable":true,"href":"https:\/\/beautyboudoirbournemouth.co.uk\/pl\/wp-json\/wp\/v2\/users\/2"}],"replies":[{"embeddable":true,"href":"https:\/\/beautyboudoirbournemouth.co.uk\/pl\/wp-json\/wp\/v2\/comments?post=7680"}],"version-history":[{"count":0,"href":"https:\/\/beautyboudoirbournemouth.co.uk\/pl\/wp-json\/wp\/v2\/pages\/7680\/revisions"}],"wp:attachment":[{"href":"https:\/\/beautyboudoirbournemouth.co.uk\/pl\/wp-json\/wp\/v2\/media?parent=7680"}],"curies":[{"name":"wp","href":"https:\/\/api.w.org\/{rel}","templated":true}]}}