{"id":7730,"date":"2023-09-14T18:22:43","date_gmt":"2023-09-14T17:22:43","guid":{"rendered":"https:\/\/beautyboudoirbournemouth.co.uk\/?page_id=7730"},"modified":"2023-09-15T20:09:09","modified_gmt":"2023-09-15T19:09:09","slug":"introducing-arkana-neuro-sensi-face-cream","status":"publish","type":"page","link":"https:\/\/beautyboudoirbournemouth.co.uk\/pl\/introducing-arkana-neuro-sensi-face-cream\/","title":{"rendered":"Introducing ARKANA Neuro Sensi Face Cream"},"content":{"rendered":"<div data-elementor-type=\"wp-page\" data-elementor-id=\"7730\" class=\"elementor elementor-7730\" data-elementor-post-type=\"page\">\n\t\t\t\t\t\t<section class=\"elementor-section elementor-top-section elementor-element elementor-element-37c6fe97 elementor-section-height-min-height elementor-section-content-middle elementor-section-boxed elementor-section-height-default elementor-section-items-middle\" data-id=\"37c6fe97\" data-element_type=\"section\" data-e-type=\"section\" data-settings=\"{&quot;background_background&quot;:&quot;classic&quot;}\">\n\t\t\t\t\t\t\t<div class=\"elementor-background-overlay\"><\/div>\n\t\t\t\t\t\t\t<div class=\"elementor-container elementor-column-gap-no\">\n\t\t\t\t\t<div class=\"elementor-column elementor-col-100 elementor-top-column elementor-element elementor-element-3fb341bc\" data-id=\"3fb341bc\" data-element_type=\"column\" data-e-type=\"column\">\n\t\t\t<div class=\"elementor-widget-wrap elementor-element-populated\">\n\t\t\t\t\t\t<div class=\"elementor-element elementor-element-4dfd1cc3 elementor-widget elementor-widget-heading\" data-id=\"4dfd1cc3\" data-element_type=\"widget\" data-e-type=\"widget\" data-widget_type=\"heading.default\">\n\t\t\t\t\t<h1 class=\"elementor-heading-title elementor-size-default\"><b>Introducing ARKANA Neuro Sensi Face Treatment.\n <\/h1>\t\t\t\t<\/div>\n\t\t\t\t<div class=\"elementor-element elementor-element-69475d1a elementor-widget elementor-widget-heading\" data-id=\"69475d1a\" data-element_type=\"widget\" data-e-type=\"widget\" data-widget_type=\"heading.default\">\n\t\t\t\t\t<h2 class=\"elementor-heading-title elementor-size-default\">For those in search of a solution that addresses vascular and hypersensitive skin concerns, your quest ends here. We present the revolutionary ARKANA Neuro Sensi Face Cream, a game-changer in specialized skincare.\n\n<\/h2>\t\t\t\t<\/div>\n\t\t\t\t<div class=\"elementor-element elementor-element-4a245573 elementor-align-center elementor-widget elementor-widget-button\" data-id=\"4a245573\" data-element_type=\"widget\" data-e-type=\"widget\" data-widget_type=\"button.default\">\n\t\t\t\t\t\t\t\t\t\t<a class=\"elementor-button elementor-button-link elementor-size-sm\" href=\"https:\/\/\/pl\/beautyboudoirbournemouth.booksy.com\/\">\n\t\t\t\t\t\t<span class=\"elementor-button-content-wrapper\">\n\t\t\t\t\t\t\t\t\t<span class=\"elementor-button-text\">Um\u00f3w si\u0119 Teraz!<\/span>\n\t\t\t\t\t<\/span>\n\t\t\t\t\t<\/a>\n\t\t\t\t\t\t\t\t<\/div>\n\t\t\t\t\t<\/div>\n\t\t<\/div>\n\t\t\t\t\t<\/div>\n\t\t<\/section>\n\t\t<div class=\"elementor-element elementor-element-4af36c82 e-flex e-con-boxed e-con e-parent\" data-id=\"4af36c82\" data-element_type=\"container\" data-e-type=\"container\">\n\t\t\t\t\t<div class=\"e-con-inner\">\n\t\t<div class=\"elementor-element elementor-element-d177bd1 e-con-full e-flex e-con e-child\" data-id=\"d177bd1\" data-element_type=\"container\" data-e-type=\"container\">\n\t\t\t\t<div class=\"elementor-element elementor-element-5034dd4a elementor-widget elementor-widget-heading\" data-id=\"5034dd4a\" data-element_type=\"widget\" data-e-type=\"widget\" data-widget_type=\"heading.default\">\n\t\t\t\t\t<h3 class=\"elementor-heading-title elementor-size-default\">Kluczowe korzy\u015bci:<\/h3>\t\t\t\t<\/div>\n\t\t\t\t<div class=\"elementor-element elementor-element-5d629310 elementor-widget elementor-widget-text-editor\" data-id=\"5d629310\" data-element_type=\"widget\" data-e-type=\"widget\" data-widget_type=\"text-editor.default\">\n\t\t\t\t\t\t\t\t\t<ul><li><strong>Targeted Treatment:<\/strong> Formulated with potent active ingredients like SensAmone P5, Endothelyol\u2122, Calamine, and Licorice Extract, our cream is specifically designed to cater to the needs of sensitive skin.<\/li><li><strong>Combat Redness &amp; Irritation:<\/strong> Experience significant reduction in redness, irritation, and skin hyper-reactivity.<strong><strong><strong><br \/><\/strong><\/strong><\/strong><\/li><li><strong>Relief for Vascular &amp; Hypersensitive Skin:<\/strong> Soothes inflammation, diminishes pain and itching, ensuring your skin feels comforted and cared for.<\/li><li><strong>Protection at Its Best:<\/strong><p><span style=\"font-weight: 400;\">Not only does it nourish, but it also acts as a guard against harmful UV, VIS, and HEV radiation. Your skin&#8217;s health is our priority.<\/span><\/p><\/li><li><p><strong>Detoxify &amp; Radiate <\/strong><span style=\"font-weight: 400;\">Enhance your skin&#8217;s natural detoxification process, ridding it of toxins and impurities. With our illuminating formula, witness a radiant, &#8216;baby face&#8217; glow.<\/span><\/p><\/li><\/ul>\t\t\t\t\t\t\t\t<\/div>\n\t\t\t\t<div class=\"elementor-element elementor-element-7c0f9511 elementor-widget elementor-widget-heading\" data-id=\"7c0f9511\" data-element_type=\"widget\" data-e-type=\"widget\" data-widget_type=\"heading.default\">\n\t\t\t\t\t<h3 class=\"elementor-heading-title elementor-size-default\">This isn't just about a cosmetic product.<\/h3>\t\t\t\t<\/div>\n\t\t\t\t<div class=\"elementor-element elementor-element-204a5d99 elementor-widget elementor-widget-text-editor\" data-id=\"204a5d99\" data-element_type=\"widget\" data-e-type=\"widget\" data-widget_type=\"text-editor.default\">\n\t\t\t\t\t\t\t\t\t<p><span style=\"font-weight: 400;\">Behind its effectiveness is the expertise of a seasoned beautician, Joanna, the owner of Beauty Boudoir Bournemouth. With her vast knowledge in skincare and treatments, she recognizes the unique needs of every skin type. Joanna recommends personalized treatments, ensuring that it&#8217;s tailored perfectly to suit your skin&#8217;s specific needs.<\/span><\/p>\t\t\t\t\t\t\t\t<\/div>\n\t\t\t\t<div class=\"elementor-element elementor-element-5c3dcd1c elementor-widget elementor-widget-heading\" data-id=\"5c3dcd1c\" data-element_type=\"widget\" data-e-type=\"widget\" data-widget_type=\"heading.default\">\n\t\t\t\t\t<h3 class=\"elementor-heading-title elementor-size-default\">Dlaczego wybra\u0107 Beauty Boudoir?:<\/h3>\t\t\t\t<\/div>\n\t\t\t\t<div class=\"elementor-element elementor-element-51706be8 elementor-widget elementor-widget-text-editor\" data-id=\"51706be8\" data-element_type=\"widget\" data-e-type=\"widget\" data-widget_type=\"text-editor.default\">\n\t\t\t\t\t\t\t\t\t<p>W salonie Beauty Boudoir w Bournemouth wierzymy w holistyczne rozwi\u0105zania w dziedzinie urody. Nasze zabiegi to po\u0142\u0105czenie nauki i natury, gwarantuj\u0105ce najlepsze rezultaty. Otw\u00f3rz si\u0119 na promienny przysz\u0142o\u015b\u0107 z nami.<\/p>\t\t\t\t\t\t\t\t<\/div>\n\t\t\t\t<\/div>\n\t\t<div class=\"elementor-element elementor-element-5ad16212 e-con-full e-flex e-con e-child\" data-id=\"5ad16212\" data-element_type=\"container\" data-e-type=\"container\" data-settings=\"{&quot;background_background&quot;:&quot;classic&quot;}\">\n\t\t\t\t<div class=\"elementor-element elementor-element-e9a3fb2 elementor-widget elementor-widget-image\" data-id=\"e9a3fb2\" data-element_type=\"widget\" data-e-type=\"widget\" data-widget_type=\"image.default\">\n\t\t\t\t\t\t\t\t\t\t\t\t\t\t\t<img fetchpriority=\"high\" decoding=\"async\" width=\"683\" height=\"1024\" src=\"https:\/\/beautyboudoirbournemouth.co.uk\/wp-content\/uploads\/2023\/08\/DSC08590-683x1024.jpg\" class=\"attachment-large size-large wp-image-7561\" alt=\"Expert-from-Beauty-Boudoir-salon-in-Bournemouth-Advice-For-optimized-results-and-to-understand-which-treatment-aligns-with-your-skin-needs,-always-consult-with-a-skincare-professional.\" srcset=\"https:\/\/beautyboudoirbournemouth.co.uk\/wp-content\/uploads\/2023\/08\/DSC08590-683x1024.jpg 683w, https:\/\/beautyboudoirbournemouth.co.uk\/wp-content\/uploads\/2023\/08\/DSC08590-200x300.jpg 200w, https:\/\/beautyboudoirbournemouth.co.uk\/wp-content\/uploads\/2023\/08\/DSC08590-768x1152.jpg 768w, https:\/\/beautyboudoirbournemouth.co.uk\/wp-content\/uploads\/2023\/08\/DSC08590-1024x1536.jpg 1024w, https:\/\/beautyboudoirbournemouth.co.uk\/wp-content\/uploads\/2023\/08\/DSC08590-1365x2048.jpg 1365w, https:\/\/beautyboudoirbournemouth.co.uk\/wp-content\/uploads\/2023\/08\/DSC08590-8x12.jpg 8w, https:\/\/beautyboudoirbournemouth.co.uk\/wp-content\/uploads\/2023\/08\/DSC08590-scaled.jpg 1707w\" sizes=\"(max-width: 683px) 100vw, 683px\" title=\"\">\t\t\t\t\t\t\t\t\t\t\t\t\t\t\t<\/div>\n\t\t\t\t<\/div>\n\t\t\t\t\t<\/div>\n\t\t\t\t<\/div>\n\t\t\t\t<\/div>","protected":false},"excerpt":{"rendered":"<p>Introducing ARKANA Neuro Sensi Face Treatment. For those in search of a solution that addresses vascular and hypersensitive skin concerns, your quest ends here. We present the revolutionary ARKANA Neuro Sensi Face Cream, a game-changer in specialized skincare. Book Now! \ud83c\udf1f Key Benefits: Targeted Treatment: Formulated with potent active ingredients like SensAmone P5, Endothelyol\u2122, Calamine, [&hellip;]<\/p>\n","protected":false},"author":2,"featured_media":0,"parent":0,"menu_order":0,"comment_status":"closed","ping_status":"closed","template":"","meta":{"footnotes":""},"class_list":["post-7730","page","type-page","status-publish","hentry"],"_links":{"self":[{"href":"https:\/\/beautyboudoirbournemouth.co.uk\/pl\/wp-json\/wp\/v2\/pages\/7730","targetHints":{"allow":["GET"]}}],"collection":[{"href":"https:\/\/beautyboudoirbournemouth.co.uk\/pl\/wp-json\/wp\/v2\/pages"}],"about":[{"href":"https:\/\/beautyboudoirbournemouth.co.uk\/pl\/wp-json\/wp\/v2\/types\/page"}],"author":[{"embeddable":true,"href":"https:\/\/beautyboudoirbournemouth.co.uk\/pl\/wp-json\/wp\/v2\/users\/2"}],"replies":[{"embeddable":true,"href":"https:\/\/beautyboudoirbournemouth.co.uk\/pl\/wp-json\/wp\/v2\/comments?post=7730"}],"version-history":[{"count":0,"href":"https:\/\/beautyboudoirbournemouth.co.uk\/pl\/wp-json\/wp\/v2\/pages\/7730\/revisions"}],"wp:attachment":[{"href":"https:\/\/beautyboudoirbournemouth.co.uk\/pl\/wp-json\/wp\/v2\/media?parent=7730"}],"curies":[{"name":"wp","href":"https:\/\/api.w.org\/{rel}","templated":true}]}}