{"id":7758,"date":"2023-09-17T07:57:35","date_gmt":"2023-09-17T06:57:35","guid":{"rendered":"https:\/\/beautyboudoirbournemouth.co.uk\/?page_id=7758"},"modified":"2023-09-18T12:45:46","modified_gmt":"2023-09-18T11:45:46","slug":"prp-like-therapy","status":"publish","type":"page","link":"https:\/\/beautyboudoirbournemouth.co.uk\/pl\/prp-like-therapy\/","title":{"rendered":"Terapia PRP-like"},"content":{"rendered":"<div data-elementor-type=\"wp-page\" data-elementor-id=\"7758\" class=\"elementor elementor-7758\" data-elementor-post-type=\"page\">\n\t\t\t\t\t\t<section class=\"elementor-section elementor-top-section elementor-element elementor-element-663511c0 elementor-section-height-min-height elementor-section-content-middle elementor-section-boxed elementor-section-height-default elementor-section-items-middle\" data-id=\"663511c0\" data-element_type=\"section\" data-e-type=\"section\" data-settings=\"{&quot;background_background&quot;:&quot;classic&quot;}\">\n\t\t\t\t\t\t\t<div class=\"elementor-background-overlay\"><\/div>\n\t\t\t\t\t\t\t<div class=\"elementor-container elementor-column-gap-no\">\n\t\t\t\t\t<div class=\"elementor-column elementor-col-100 elementor-top-column elementor-element elementor-element-418e1979\" data-id=\"418e1979\" data-element_type=\"column\" data-e-type=\"column\">\n\t\t\t<div class=\"elementor-widget-wrap elementor-element-populated\">\n\t\t\t\t\t\t<div class=\"elementor-element elementor-element-7914073 elementor-widget elementor-widget-heading\" data-id=\"7914073\" data-element_type=\"widget\" data-e-type=\"widget\" data-widget_type=\"heading.default\">\n\t\t\t\t\t<h1 class=\"elementor-heading-title elementor-size-default\"><b>Terapia PRP-like<\/b> z Efektem Plasma-Lift<\/h1>\t\t\t\t<\/div>\n\t\t\t\t<div class=\"elementor-element elementor-element-41654d5 elementor-widget elementor-widget-heading\" data-id=\"41654d5\" data-element_type=\"widget\" data-e-type=\"widget\" data-widget_type=\"heading.default\">\n\t\t\t\t\t<h2 class=\"elementor-heading-title elementor-size-default\">Odkryj Now\u0105 Er\u0119 Odnowy Sk\u00f3ry<\/h2>\t\t\t\t<\/div>\n\t\t\t\t<div class=\"elementor-element elementor-element-271e1378 elementor-align-center elementor-widget elementor-widget-button\" data-id=\"271e1378\" data-element_type=\"widget\" data-e-type=\"widget\" data-widget_type=\"button.default\">\n\t\t\t\t\t\t\t\t\t\t<a class=\"elementor-button elementor-button-link elementor-size-sm\" href=\"https:\/\/beautyboudoirbournemouth.booksy.com\" target=\"_blank\" rel=\"noopener\">\n\t\t\t\t\t\t<span class=\"elementor-button-content-wrapper\">\n\t\t\t\t\t\t\t\t\t<span class=\"elementor-button-text\">Um\u00f3w si\u0119 Teraz!<\/span>\n\t\t\t\t\t<\/span>\n\t\t\t\t\t<\/a>\n\t\t\t\t\t\t\t\t<\/div>\n\t\t\t\t\t<\/div>\n\t\t<\/div>\n\t\t\t\t\t<\/div>\n\t\t<\/section>\n\t\t<div class=\"elementor-element elementor-element-e6cc69b e-flex e-con-boxed e-con e-parent\" data-id=\"e6cc69b\" data-element_type=\"container\" data-e-type=\"container\">\n\t\t\t\t\t<div class=\"e-con-inner\">\n\t\t<div class=\"elementor-element elementor-element-739847b1 e-con-full e-flex e-con e-child\" data-id=\"739847b1\" data-element_type=\"container\" data-e-type=\"container\">\n\t\t\t\t<div class=\"elementor-element elementor-element-789504da elementor-widget elementor-widget-heading\" data-id=\"789504da\" data-element_type=\"widget\" data-e-type=\"widget\" data-widget_type=\"heading.default\">\n\t\t\t\t\t<h3 class=\"elementor-heading-title elementor-size-default\">Terapia PRP-like z Efektem Plasma-Lift<\/h3>\t\t\t\t<\/div>\n\t\t\t\t<div class=\"elementor-element elementor-element-50fb2f28 elementor-widget elementor-widget-text-editor\" data-id=\"50fb2f28\" data-element_type=\"widget\" data-e-type=\"widget\" data-widget_type=\"text-editor.default\">\n\t\t\t\t\t\t\t\t\tOdkryj sekrety medycyny regeneracyjnej dzi\u0119ki naszej terapii PRP-like, rewolucyjnej technice plasma-lift. Jest to nieinwazyjna alternatywa dla tradycyjnych zabieg\u00f3w z osoczem bogatop\u0142ytkowym, gwarantuj\u0105ca minimalny czas rekonwalescencji przy maksymalnych rezultatach.\t\t\t\t\t\t\t\t<\/div>\n\t\t\t\t<div class=\"elementor-element elementor-element-a031378 elementor-widget elementor-widget-text-editor\" data-id=\"a031378\" data-element_type=\"widget\" data-e-type=\"widget\" data-widget_type=\"text-editor.default\">\n\t\t\t\t\t\t\t\t\t<p><strong>\ud83c\udf37 Nauka za Tym Stoi:<\/strong> Czerpi\u0105c inspiracje z medycyny regeneracyjnej, nasz zabieg wykorzystuje pot\u0119\u017cn\u0105 moc peptyd\u00f3w W3 Peptide i GHK-Cu. Te sk\u0142adniki dok\u0142adnie remodeluj\u0105 Twoj\u0105 sk\u00f3r\u0119, przywracaj\u0105c jej utracon\u0105 m\u0142odo\u015b\u0107 i blask.<\/p>\t\t\t\t\t\t\t\t<\/div>\n\t\t\t\t<div class=\"elementor-element elementor-element-ce98af3 elementor-widget elementor-widget-text-editor\" data-id=\"ce98af3\" data-element_type=\"widget\" data-e-type=\"widget\" data-widget_type=\"text-editor.default\">\n\t\t\t\t\t\t\t\t\t<p><strong>\ud83c\udf37 Rezultaty:<\/strong> Ta intensywna terapia jest stworzona specjalnie dla dojrza\u0142ej sk\u00f3ry potrzebuj\u0105cej odnowy, zw\u0142aszcza po ekspozycji na fotoaging. Jest te\u017c idealnym rozwi\u0105zaniem dla profilaktyki anti-aging oraz doskona\u0142\u0105 kontynuacj\u0105 po bardziej inwazyjnych zabiegach, kt\u00f3re wymagaj\u0105 przyspieszonej regeneracji.<\/p>\t\t\t\t\t\t\t\t<\/div>\n\t\t\t\t<div class=\"elementor-element elementor-element-267a19f7 elementor-widget elementor-widget-heading\" data-id=\"267a19f7\" data-element_type=\"widget\" data-e-type=\"widget\" data-widget_type=\"heading.default\">\n\t\t\t\t\t<h3 class=\"elementor-heading-title elementor-size-default\">Dlaczego Wybra\u0107 Terapi\u0119 PRP-like?<\/h3>\t\t\t\t<\/div>\n\t\t\t\t<div class=\"elementor-element elementor-element-61092651 elementor-widget elementor-widget-text-editor\" data-id=\"61092651\" data-element_type=\"widget\" data-e-type=\"widget\" data-widget_type=\"text-editor.default\">\n\t\t\t\t\t\t\t\t\t<p>\ud83c\udf1f Nieinwazyjna, a jednak pot\u0119\u017cna metoda odnowy.<br \/>\ud83c\udf1f Starannie wybrane peptydy dla celowanych rezultat\u00f3w.<br \/>\ud83c\udf1f Idealna dla dojrza\u0142ej sk\u00f3ry i opieki po zabiegu.<br \/>\ud83c\udf1f Zapewnia d\u0142ugotrwa\u0142e nawil\u017cenie i regeneracj\u0119.<\/p>\t\t\t\t\t\t\t\t<\/div>\n\t\t\t\t<div class=\"elementor-element elementor-element-2e8cd1f1 elementor-widget elementor-widget-heading\" data-id=\"2e8cd1f1\" data-element_type=\"widget\" data-e-type=\"widget\" data-widget_type=\"heading.default\">\n\t\t\t\t\t<h3 class=\"elementor-heading-title elementor-size-default\">Przyjmij Transformacj\u0119 Sk\u00f3ry<\/h3>\t\t\t\t<\/div>\n\t\t\t\t<div class=\"elementor-element elementor-element-3a2f3098 elementor-widget elementor-widget-text-editor\" data-id=\"3a2f3098\" data-element_type=\"widget\" data-e-type=\"widget\" data-widget_type=\"text-editor.default\">\n\t\t\t\t\t\t\t\t\t<p>Wyobra\u017a sobie zabieg inspirowany czo\u0142\u00f3wk\u0105 medycyny regeneracyjnej, stworzony, aby przywr\u00f3ci\u0107 m\u0142odzie\u0144czy wdzi\u0119k Twojej sk\u00f3rze bez inwazyjno\u015bci tradycyjnych metod. To nie tylko chodzi o m\u0142odszy wygl\u0105d; chodzi o odnalezienie witalno\u015bci.<\/p>\t\t\t\t\t\t\t\t<\/div>\n\t\t\t\t<div class=\"elementor-element elementor-element-e27b1c0 elementor-widget elementor-widget-heading\" data-id=\"e27b1c0\" data-element_type=\"widget\" data-e-type=\"widget\" data-widget_type=\"heading.default\">\n\t\t\t\t\t<h3 class=\"elementor-heading-title elementor-size-default\">Do\u015bwiadcz przysz\u0142o\u015bci piel\u0119gnacji sk\u00f3ry. Zanurz si\u0119 w estetycznym blasku w Beauty Boudoir w Bournemouth.\n\n<\/h3>\t\t\t\t<\/div>\n\t\t\t\t<div class=\"elementor-element elementor-element-6bbf37b elementor-widget elementor-widget-text-editor\" data-id=\"6bbf37b\" data-element_type=\"widget\" data-e-type=\"widget\" data-widget_type=\"text-editor.default\">\n\t\t\t\t\t\t\t\t\t<p>Discover our complete range of services and competitive <strong><a href=\"https:\/\/beautyboudoirbournemouth.co.uk\/pl\/price-list\/\">prices<\/a><\/strong> at our salon. Treat yourself to a world of beauty and relaxation today!<\/p>\t\t\t\t\t\t\t\t<\/div>\n\t\t\t\t<\/div>\n\t\t<div class=\"elementor-element elementor-element-ea3ae9b e-con-full e-flex e-con e-child\" data-id=\"ea3ae9b\" data-element_type=\"container\" data-e-type=\"container\" data-settings=\"{&quot;background_background&quot;:&quot;classic&quot;}\">\n\t\t\t\t<div class=\"elementor-element elementor-element-2b2079ab elementor-widget elementor-widget-image\" data-id=\"2b2079ab\" data-element_type=\"widget\" data-e-type=\"widget\" data-widget_type=\"image.default\">\n\t\t\t\t\t\t\t\t\t\t\t\t\t\t\t<img fetchpriority=\"high\" decoding=\"async\" width=\"800\" height=\"800\" src=\"https:\/\/beautyboudoirbournemouth.co.uk\/wp-content\/uploads\/2023\/09\/beauty-boudoir-PRP-Therapy-1024x1024.jpg\" class=\"attachment-large size-large wp-image-7767\" alt=\"beauty boudoir PRP Therapy\" srcset=\"https:\/\/beautyboudoirbournemouth.co.uk\/wp-content\/uploads\/2023\/09\/beauty-boudoir-PRP-Therapy-1024x1024.jpg 1024w, https:\/\/beautyboudoirbournemouth.co.uk\/wp-content\/uploads\/2023\/09\/beauty-boudoir-PRP-Therapy-300x300.jpg 300w, https:\/\/beautyboudoirbournemouth.co.uk\/wp-content\/uploads\/2023\/09\/beauty-boudoir-PRP-Therapy-150x150.jpg 150w, https:\/\/beautyboudoirbournemouth.co.uk\/wp-content\/uploads\/2023\/09\/beauty-boudoir-PRP-Therapy-768x768.jpg 768w, https:\/\/beautyboudoirbournemouth.co.uk\/wp-content\/uploads\/2023\/09\/beauty-boudoir-PRP-Therapy-12x12.jpg 12w, https:\/\/beautyboudoirbournemouth.co.uk\/wp-content\/uploads\/2023\/09\/beauty-boudoir-PRP-Therapy-700x700.jpg 700w, https:\/\/beautyboudoirbournemouth.co.uk\/wp-content\/uploads\/2023\/09\/beauty-boudoir-PRP-Therapy.jpg 1080w\" sizes=\"(max-width: 800px) 100vw, 800px\" title=\"\">\t\t\t\t\t\t\t\t\t\t\t\t\t\t\t<\/div>\n\t\t\t\t<\/div>\n\t\t\t\t\t<\/div>\n\t\t\t\t<\/div>\n\t\t\t\t<\/div>","protected":false},"excerpt":{"rendered":"<p>PRP-like Therapy with Plasma-Lift Effect Experience Revolutionary Skin Rejuvenation Book Now! Inspired PRP-like Therapy with Plasma-Lift Effect Unlock the secrets of regenerative medicine with our PRP-like therapy, a revolutionary plasma-lift experience. This non-invasive treatment is the perfect alternative to traditional platelet-rich plasma procedures, ensuring minimal downtime with maximum results. \ud83c\udf37 The Science Behind: Drawing inspiration [&hellip;]<\/p>\n","protected":false},"author":2,"featured_media":7767,"parent":0,"menu_order":0,"comment_status":"closed","ping_status":"closed","template":"","meta":{"footnotes":""},"class_list":["post-7758","page","type-page","status-publish","has-post-thumbnail","hentry"],"_links":{"self":[{"href":"https:\/\/beautyboudoirbournemouth.co.uk\/pl\/wp-json\/wp\/v2\/pages\/7758","targetHints":{"allow":["GET"]}}],"collection":[{"href":"https:\/\/beautyboudoirbournemouth.co.uk\/pl\/wp-json\/wp\/v2\/pages"}],"about":[{"href":"https:\/\/beautyboudoirbournemouth.co.uk\/pl\/wp-json\/wp\/v2\/types\/page"}],"author":[{"embeddable":true,"href":"https:\/\/beautyboudoirbournemouth.co.uk\/pl\/wp-json\/wp\/v2\/users\/2"}],"replies":[{"embeddable":true,"href":"https:\/\/beautyboudoirbournemouth.co.uk\/pl\/wp-json\/wp\/v2\/comments?post=7758"}],"version-history":[{"count":0,"href":"https:\/\/beautyboudoirbournemouth.co.uk\/pl\/wp-json\/wp\/v2\/pages\/7758\/revisions"}],"wp:featuredmedia":[{"embeddable":true,"href":"https:\/\/beautyboudoirbournemouth.co.uk\/pl\/wp-json\/wp\/v2\/media\/7767"}],"wp:attachment":[{"href":"https:\/\/beautyboudoirbournemouth.co.uk\/pl\/wp-json\/wp\/v2\/media?parent=7758"}],"curies":[{"name":"wp","href":"https:\/\/api.w.org\/{rel}","templated":true}]}}